{"id":5897,"date":"2023-02-21T08:06:36","date_gmt":"2023-02-21T08:06:36","guid":{"rendered":"https:\/\/nidaloghouses.com\/product\/whispering-winds\/"},"modified":"2025-06-16T10:04:05","modified_gmt":"2025-06-16T10:04:05","slug":"whispering-winds","status":"publish","type":"product","link":"https:\/\/nidaloghouses.com\/fr\/catalogue\/cabanes-de-jardin\/whispering-winds\/","title":{"rendered":"Whispering Winds"},"content":{"rendered":"<p>Parfait pour tous les jardins, notre plus petit projet, la cabane en rondins Whispering Winds, est con\u00e7u pour ceux qui pr\u00e9f\u00e8rent les espaces compacts et confortables, avec deux fen\u00eatres offrant un \u00e9clairage naturel lumineux. Diverses modifications de la taille de la cabane sont disponibles, de 10 \u00e0 17 m\u00b2 de surface habitable.<\/p>\n","protected":false},"excerpt":{"rendered":"<p>Parfait pour tous les jardins, notre plus petit projet : la cabane en rondins Whispering Winds. Diff\u00e9rentes modifications de la taille de l&rsquo;abri sont disponibles, avec une surface habitable allant de 10 \u00e0 17 m\u00b2.<\/p>\n","protected":false},"featured_media":9731,"template":"","meta":{"_acf_changed":false,"inline_featured_image":false},"location":[],"type-category":[],"product_brand":[],"product_cat":[83],"product_tag":[],"class_list":{"0":"post-5897","1":"product","2":"type-product","3":"status-publish","4":"has-post-thumbnail","6":"product_cat-cabanes-de-jardin","8":"first","9":"instock","10":"taxable","11":"shipping-taxable","12":"purchasable","13":"product-type-variable","14":"has-default-attributes"},"acf":[],"_links":{"self":[{"href":"https:\/\/nidaloghouses.com\/fr\/wp-json\/wp\/v2\/product\/5897","targetHints":{"allow":["GET"]}}],"collection":[{"href":"https:\/\/nidaloghouses.com\/fr\/wp-json\/wp\/v2\/product"}],"about":[{"href":"https:\/\/nidaloghouses.com\/fr\/wp-json\/wp\/v2\/types\/product"}],"wp:featuredmedia":[{"embeddable":true,"href":"https:\/\/nidaloghouses.com\/fr\/wp-json\/wp\/v2\/media\/9731"}],"wp:attachment":[{"href":"https:\/\/nidaloghouses.com\/fr\/wp-json\/wp\/v2\/media?parent=5897"}],"wp:term":[{"taxonomy":"location","embeddable":true,"href":"https:\/\/nidaloghouses.com\/fr\/wp-json\/wp\/v2\/location?post=5897"},{"taxonomy":"type-category","embeddable":true,"href":"https:\/\/nidaloghouses.com\/fr\/wp-json\/wp\/v2\/type-category?post=5897"},{"taxonomy":"product_brand","embeddable":true,"href":"https:\/\/nidaloghouses.com\/fr\/wp-json\/wp\/v2\/product_brand?post=5897"},{"taxonomy":"product_cat","embeddable":true,"href":"https:\/\/nidaloghouses.com\/fr\/wp-json\/wp\/v2\/product_cat?post=5897"},{"taxonomy":"product_tag","embeddable":true,"href":"https:\/\/nidaloghouses.com\/fr\/wp-json\/wp\/v2\/product_tag?post=5897"}],"curies":[{"name":"wp","href":"https:\/\/api.w.org\/{rel}","templated":true}]}}