{"id":5868,"date":"2024-02-13T11:08:32","date_gmt":"2024-02-13T11:08:32","guid":{"rendered":"https:\/\/nidaloghouses.com\/product\/rising-sun-retreat\/"},"modified":"2025-06-16T10:08:52","modified_gmt":"2025-06-16T10:08:52","slug":"rising-sun-retreat","status":"publish","type":"product","link":"https:\/\/nidaloghouses.com\/fr\/catalogue\/cabanes-de-jardin\/rising-sun-retreat\/","title":{"rendered":"Rising Sun Retreat"},"content":{"rendered":"<p>La cabane en rondins Rising Sun Retreat est bien con\u00e7ue pour vous offrir un lieu o\u00f9 vous pourrez vous d\u00e9tendre dans le confort de votre jardin. Cette cabane classique, dot\u00e9e de deux fen\u00eatres situ\u00e9es sur des c\u00f4t\u00e9s oppos\u00e9s, apporte une sensation de lumi\u00e8re et de confort. Diff\u00e9rentes modifications de taille sont disponibles : de 10 \u00e0 32 m\u00b2 de surface habitable.<\/p>\n","protected":false},"excerpt":{"rendered":"<p>La cabane Rising Sun Retreat est une cabane en rondins classique avec deux fen\u00eatres sur des c\u00f4t\u00e9s oppos\u00e9s, qui lui conf\u00e8rent une atmosph\u00e8re lumineuse et chaleureuse. Diff\u00e9rentes tailles sont disponibles : de 10 \u00e0 32 m\u00b2 de surface habitable.<\/p>\n","protected":false},"featured_media":9737,"template":"","meta":{"_acf_changed":false,"inline_featured_image":false},"location":[],"type-category":[],"product_brand":[],"product_cat":[83],"product_tag":[],"class_list":{"0":"post-5868","1":"product","2":"type-product","3":"status-publish","4":"has-post-thumbnail","6":"product_cat-cabanes-de-jardin","8":"first","9":"instock","10":"taxable","11":"shipping-taxable","12":"purchasable","13":"product-type-variable","14":"has-default-attributes"},"acf":[],"_links":{"self":[{"href":"https:\/\/nidaloghouses.com\/fr\/wp-json\/wp\/v2\/product\/5868","targetHints":{"allow":["GET"]}}],"collection":[{"href":"https:\/\/nidaloghouses.com\/fr\/wp-json\/wp\/v2\/product"}],"about":[{"href":"https:\/\/nidaloghouses.com\/fr\/wp-json\/wp\/v2\/types\/product"}],"wp:featuredmedia":[{"embeddable":true,"href":"https:\/\/nidaloghouses.com\/fr\/wp-json\/wp\/v2\/media\/9737"}],"wp:attachment":[{"href":"https:\/\/nidaloghouses.com\/fr\/wp-json\/wp\/v2\/media?parent=5868"}],"wp:term":[{"taxonomy":"location","embeddable":true,"href":"https:\/\/nidaloghouses.com\/fr\/wp-json\/wp\/v2\/location?post=5868"},{"taxonomy":"type-category","embeddable":true,"href":"https:\/\/nidaloghouses.com\/fr\/wp-json\/wp\/v2\/type-category?post=5868"},{"taxonomy":"product_brand","embeddable":true,"href":"https:\/\/nidaloghouses.com\/fr\/wp-json\/wp\/v2\/product_brand?post=5868"},{"taxonomy":"product_cat","embeddable":true,"href":"https:\/\/nidaloghouses.com\/fr\/wp-json\/wp\/v2\/product_cat?post=5868"},{"taxonomy":"product_tag","embeddable":true,"href":"https:\/\/nidaloghouses.com\/fr\/wp-json\/wp\/v2\/product_tag?post=5868"}],"curies":[{"name":"wp","href":"https:\/\/api.w.org\/{rel}","templated":true}]}}