{"id":5859,"date":"2024-02-13T11:39:43","date_gmt":"2024-02-13T11:39:43","guid":{"rendered":"https:\/\/nidaloghouses.com\/product\/moonlit-meadow\/"},"modified":"2025-06-16T10:13:54","modified_gmt":"2025-06-16T10:13:54","slug":"moonlit-meadow","status":"publish","type":"product","link":"https:\/\/nidaloghouses.com\/fr\/catalogue\/abris-de-jardin-en-bois\/moonlit-meadow\/","title":{"rendered":"Moonlit Meadow"},"content":{"rendered":"<p>Si vous recherchez une cabane en bois de taille moyenne, Moonlit Meadow est le choix id\u00e9al pour r\u00e9aliser votre r\u00eave. Incroyablement lumineuse et spacieuse, avec quatre fen\u00eatres sur trois c\u00f4t\u00e9s diff\u00e9rents et des portes \u00e0 double vitrage, cette maison vous donnera envie d&rsquo;y revenir. Diverses modifications de la taille de la cabane sont disponibles : de 20 \u00e0 22 m\u00b2 de surface habitable.<\/p>\n","protected":false},"excerpt":{"rendered":"<p>Moonlit Meadow est le choix id\u00e9al pour r\u00e9aliser votre r\u00eave d&rsquo;une cabane en rondins de taille moyenne. <\/p>\n","protected":false},"featured_media":9743,"template":"","meta":{"_acf_changed":false,"inline_featured_image":false},"location":[],"type-category":[],"product_brand":[],"product_cat":[81],"product_tag":[],"class_list":{"0":"post-5859","1":"product","2":"type-product","3":"status-publish","4":"has-post-thumbnail","6":"product_cat-abris-de-jardin-en-bois","8":"first","9":"instock","10":"taxable","11":"shipping-taxable","12":"purchasable","13":"product-type-variable","14":"has-default-attributes"},"acf":[],"_links":{"self":[{"href":"https:\/\/nidaloghouses.com\/fr\/wp-json\/wp\/v2\/product\/5859","targetHints":{"allow":["GET"]}}],"collection":[{"href":"https:\/\/nidaloghouses.com\/fr\/wp-json\/wp\/v2\/product"}],"about":[{"href":"https:\/\/nidaloghouses.com\/fr\/wp-json\/wp\/v2\/types\/product"}],"wp:featuredmedia":[{"embeddable":true,"href":"https:\/\/nidaloghouses.com\/fr\/wp-json\/wp\/v2\/media\/9743"}],"wp:attachment":[{"href":"https:\/\/nidaloghouses.com\/fr\/wp-json\/wp\/v2\/media?parent=5859"}],"wp:term":[{"taxonomy":"location","embeddable":true,"href":"https:\/\/nidaloghouses.com\/fr\/wp-json\/wp\/v2\/location?post=5859"},{"taxonomy":"type-category","embeddable":true,"href":"https:\/\/nidaloghouses.com\/fr\/wp-json\/wp\/v2\/type-category?post=5859"},{"taxonomy":"product_brand","embeddable":true,"href":"https:\/\/nidaloghouses.com\/fr\/wp-json\/wp\/v2\/product_brand?post=5859"},{"taxonomy":"product_cat","embeddable":true,"href":"https:\/\/nidaloghouses.com\/fr\/wp-json\/wp\/v2\/product_cat?post=5859"},{"taxonomy":"product_tag","embeddable":true,"href":"https:\/\/nidaloghouses.com\/fr\/wp-json\/wp\/v2\/product_tag?post=5859"}],"curies":[{"name":"wp","href":"https:\/\/api.w.org\/{rel}","templated":true}]}}