{"id":5830,"date":"2024-02-13T11:47:08","date_gmt":"2024-02-13T11:47:08","guid":{"rendered":"https:\/\/nidaloghouses.com\/product\/golden-leaf-cabin\/"},"modified":"2025-06-16T12:45:23","modified_gmt":"2025-06-16T12:45:23","slug":"golden-leaf-cabin","status":"publish","type":"product","link":"https:\/\/nidaloghouses.com\/fr\/catalogue\/cabanes-de-jardin\/golden-leaf-cabin\/","title":{"rendered":"Golden Leaf Cabin"},"content":{"rendered":"<p>Id\u00e9ale pour se d\u00e9tendre, comme studio de jardin ou peut-\u00eatre comme bureau, la Golden Leaf Cabin est une cabane en bois spacieuse et tr\u00e8s lumineuse pendant la journ\u00e9e. La luminosit\u00e9 provient des doubles portes vitr\u00e9es et des grandes fen\u00eatres situ\u00e9es sur deux c\u00f4t\u00e9s de la cabane. Ce mod\u00e8le peut \u00eatre personnalis\u00e9 de nombreuses fa\u00e7ons : de 10 \u00e0 32 m\u00b2 de surface habitable.<\/p>\n","protected":false},"excerpt":{"rendered":"<p>Golden Leaf Cabin &#8211; est une cabane en rondins spacieuse et tr\u00e8s lumineuse pendant la journ\u00e9e. Ce mod\u00e8le peut faire l&rsquo;objet de nombreuses modifications : de 10 \u00e0 32 m\u00b2 de surface habitable.<\/p>\n","protected":false},"featured_media":9759,"template":"","meta":{"_acf_changed":false,"inline_featured_image":false},"location":[],"type-category":[],"product_brand":[],"product_cat":[83],"product_tag":[],"class_list":{"0":"post-5830","1":"product","2":"type-product","3":"status-publish","4":"has-post-thumbnail","6":"product_cat-cabanes-de-jardin","8":"first","9":"instock","10":"taxable","11":"shipping-taxable","12":"purchasable","13":"product-type-variable"},"acf":[],"_links":{"self":[{"href":"https:\/\/nidaloghouses.com\/fr\/wp-json\/wp\/v2\/product\/5830","targetHints":{"allow":["GET"]}}],"collection":[{"href":"https:\/\/nidaloghouses.com\/fr\/wp-json\/wp\/v2\/product"}],"about":[{"href":"https:\/\/nidaloghouses.com\/fr\/wp-json\/wp\/v2\/types\/product"}],"wp:featuredmedia":[{"embeddable":true,"href":"https:\/\/nidaloghouses.com\/fr\/wp-json\/wp\/v2\/media\/9759"}],"wp:attachment":[{"href":"https:\/\/nidaloghouses.com\/fr\/wp-json\/wp\/v2\/media?parent=5830"}],"wp:term":[{"taxonomy":"location","embeddable":true,"href":"https:\/\/nidaloghouses.com\/fr\/wp-json\/wp\/v2\/location?post=5830"},{"taxonomy":"type-category","embeddable":true,"href":"https:\/\/nidaloghouses.com\/fr\/wp-json\/wp\/v2\/type-category?post=5830"},{"taxonomy":"product_brand","embeddable":true,"href":"https:\/\/nidaloghouses.com\/fr\/wp-json\/wp\/v2\/product_brand?post=5830"},{"taxonomy":"product_cat","embeddable":true,"href":"https:\/\/nidaloghouses.com\/fr\/wp-json\/wp\/v2\/product_cat?post=5830"},{"taxonomy":"product_tag","embeddable":true,"href":"https:\/\/nidaloghouses.com\/fr\/wp-json\/wp\/v2\/product_tag?post=5830"}],"curies":[{"name":"wp","href":"https:\/\/api.w.org\/{rel}","templated":true}]}}