{"id":5801,"date":"2024-02-13T12:25:57","date_gmt":"2024-02-13T12:25:57","guid":{"rendered":"https:\/\/nidaloghouses.com\/product\/twilight-garden\/"},"modified":"2025-06-16T12:45:29","modified_gmt":"2025-06-16T12:45:29","slug":"twilight-garden","status":"publish","type":"product","link":"https:\/\/nidaloghouses.com\/fr\/catalogue\/cabanes-de-jardin\/twilight-garden\/","title":{"rendered":"Twilight Garden"},"content":{"rendered":"<p>Twilight Garden est une maison compacte et une cabane en rondins id\u00e9ale pour ceux qui pr\u00e9f\u00e8rent le naturel et la simplicit\u00e9, avec des portes vitr\u00e9es d&rsquo;un seul c\u00f4t\u00e9 et trois fen\u00eatres sur deux c\u00f4t\u00e9s du b\u00e2timent. Vous pouvez choisir parmi diff\u00e9rentes options de taille : de 10 \u00e0 32 m\u00b2 de surface habitable. La beaut\u00e9 naturelle du bois est compl\u00e9t\u00e9e par l&rsquo;ambiance chaleureuse et accueillante de l&rsquo;int\u00e9rieur, cr\u00e9ant un espace de vie vraiment unique et inoubliable.<\/p>\n","protected":false},"excerpt":{"rendered":"<p>Twilight Garden est une excellente maison compacte. Vous pouvez choisir parmi diff\u00e9rentes tailles de cabanes en rondins : de 10 \u00e0 32 m\u00b2 de surface habitable.<\/p>\n","protected":false},"featured_media":9825,"template":"","meta":{"_acf_changed":false,"inline_featured_image":false},"location":[],"type-category":[],"product_brand":[],"product_cat":[83],"product_tag":[],"class_list":{"0":"post-5801","1":"product","2":"type-product","3":"status-publish","4":"has-post-thumbnail","6":"product_cat-cabanes-de-jardin","8":"first","9":"instock","10":"taxable","11":"shipping-taxable","12":"purchasable","13":"product-type-variable"},"acf":[],"_links":{"self":[{"href":"https:\/\/nidaloghouses.com\/fr\/wp-json\/wp\/v2\/product\/5801","targetHints":{"allow":["GET"]}}],"collection":[{"href":"https:\/\/nidaloghouses.com\/fr\/wp-json\/wp\/v2\/product"}],"about":[{"href":"https:\/\/nidaloghouses.com\/fr\/wp-json\/wp\/v2\/types\/product"}],"wp:featuredmedia":[{"embeddable":true,"href":"https:\/\/nidaloghouses.com\/fr\/wp-json\/wp\/v2\/media\/9825"}],"wp:attachment":[{"href":"https:\/\/nidaloghouses.com\/fr\/wp-json\/wp\/v2\/media?parent=5801"}],"wp:term":[{"taxonomy":"location","embeddable":true,"href":"https:\/\/nidaloghouses.com\/fr\/wp-json\/wp\/v2\/location?post=5801"},{"taxonomy":"type-category","embeddable":true,"href":"https:\/\/nidaloghouses.com\/fr\/wp-json\/wp\/v2\/type-category?post=5801"},{"taxonomy":"product_brand","embeddable":true,"href":"https:\/\/nidaloghouses.com\/fr\/wp-json\/wp\/v2\/product_brand?post=5801"},{"taxonomy":"product_cat","embeddable":true,"href":"https:\/\/nidaloghouses.com\/fr\/wp-json\/wp\/v2\/product_cat?post=5801"},{"taxonomy":"product_tag","embeddable":true,"href":"https:\/\/nidaloghouses.com\/fr\/wp-json\/wp\/v2\/product_tag?post=5801"}],"curies":[{"name":"wp","href":"https:\/\/api.w.org\/{rel}","templated":true}]}}