{"id":5772,"date":"2024-02-22T09:28:38","date_gmt":"2024-02-22T09:28:38","guid":{"rendered":"https:\/\/nidaloghouses.com\/product\/morning-dew\/"},"modified":"2025-06-16T12:45:38","modified_gmt":"2025-06-16T12:45:38","slug":"morning-dew","status":"publish","type":"product","link":"https:\/\/nidaloghouses.com\/fr\/catalogue\/cabanes-de-jardin\/morning-dew\/","title":{"rendered":"Morning Dew"},"content":{"rendered":"<p>Il n&rsquo;y a rien de mieux que de passer des moments privil\u00e9gi\u00e9s en pleine nature, dans le confort de votre maison. La cabane en bois massif Morning Dew, de style classique et spacieuse, avec ses portes vitr\u00e9es \u00e0 double battant et ses trois petites fen\u00eatres, dispose de tous les atouts n\u00e9cessaires. Morning Dew est polyvalente et disponible en diff\u00e9rentes tailles : de 10 \u00e0 32 m\u00b2 de surface habitable.<\/p>\n","protected":false},"excerpt":{"rendered":"<p>La cabane en bois massif Morning Dew, de style classique et spacieuse, avec ses portes \u00e0 double battant et ses trois fen\u00eatres, dispose de tous les attributs n\u00e9cessaires. Morning Dew est polyvalente et disponible en diff\u00e9rentes tailles : de 10 \u00e0 32 m\u00b2 de surface habitable.<\/p>\n","protected":false},"featured_media":9891,"template":"","meta":{"_acf_changed":false,"inline_featured_image":false},"location":[],"type-category":[],"product_brand":[],"product_cat":[83],"product_tag":[],"class_list":{"0":"post-5772","1":"product","2":"type-product","3":"status-publish","4":"has-post-thumbnail","6":"product_cat-cabanes-de-jardin","8":"first","9":"instock","10":"taxable","11":"shipping-taxable","12":"purchasable","13":"product-type-variable"},"acf":[],"_links":{"self":[{"href":"https:\/\/nidaloghouses.com\/fr\/wp-json\/wp\/v2\/product\/5772","targetHints":{"allow":["GET"]}}],"collection":[{"href":"https:\/\/nidaloghouses.com\/fr\/wp-json\/wp\/v2\/product"}],"about":[{"href":"https:\/\/nidaloghouses.com\/fr\/wp-json\/wp\/v2\/types\/product"}],"wp:featuredmedia":[{"embeddable":true,"href":"https:\/\/nidaloghouses.com\/fr\/wp-json\/wp\/v2\/media\/9891"}],"wp:attachment":[{"href":"https:\/\/nidaloghouses.com\/fr\/wp-json\/wp\/v2\/media?parent=5772"}],"wp:term":[{"taxonomy":"location","embeddable":true,"href":"https:\/\/nidaloghouses.com\/fr\/wp-json\/wp\/v2\/location?post=5772"},{"taxonomy":"type-category","embeddable":true,"href":"https:\/\/nidaloghouses.com\/fr\/wp-json\/wp\/v2\/type-category?post=5772"},{"taxonomy":"product_brand","embeddable":true,"href":"https:\/\/nidaloghouses.com\/fr\/wp-json\/wp\/v2\/product_brand?post=5772"},{"taxonomy":"product_cat","embeddable":true,"href":"https:\/\/nidaloghouses.com\/fr\/wp-json\/wp\/v2\/product_cat?post=5772"},{"taxonomy":"product_tag","embeddable":true,"href":"https:\/\/nidaloghouses.com\/fr\/wp-json\/wp\/v2\/product_tag?post=5772"}],"curies":[{"name":"wp","href":"https:\/\/api.w.org\/{rel}","templated":true}]}}