{"id":5753,"date":"2024-02-22T13:16:33","date_gmt":"2024-02-22T13:16:33","guid":{"rendered":"https:\/\/nidaloghouses.com\/product\/sunset-summit\/"},"modified":"2025-06-16T10:37:17","modified_gmt":"2025-06-16T10:37:17","slug":"sunset-summit","status":"publish","type":"product","link":"https:\/\/nidaloghouses.com\/fr\/catalogue\/maisons-en-bois\/sunset-summit\/","title":{"rendered":"Sunset Summit"},"content":{"rendered":"<p>Sunset Summit est l&rsquo;un de nos plus grands mod\u00e8les de maisons en bois avec deux chambres s\u00e9par\u00e9es. La lumi\u00e8re naturelle provenant de cinq fen\u00eatres, ainsi que des portes vitr\u00e9es et d&rsquo;un salon spacieux, offre un cadre id\u00e9al pour les moments de d\u00e9tente, m\u00eame lorsqu&rsquo;il pleut. Deux modifications de taille sont disponibles pour cette cabane : de 25 \u00e0 32 m\u00b2 de surface habitable.<\/p>\n","protected":false},"excerpt":{"rendered":"<p>Sunset Summit est l&rsquo;un de nos plus grands mod\u00e8les de maisons en bois avec deux chambres s\u00e9par\u00e9es. Deux modifications de taille sont disponibles pour cette cabane : de 25 \u00e0 32 m\u00b2 de surface habitable.<\/p>\n","protected":false},"featured_media":9960,"template":"","meta":{"_acf_changed":false,"inline_featured_image":false},"location":[],"type-category":[],"product_brand":[],"product_cat":[73],"product_tag":[],"class_list":{"0":"post-5753","1":"product","2":"type-product","3":"status-publish","4":"has-post-thumbnail","6":"product_cat-maisons-en-bois","8":"first","9":"instock","10":"taxable","11":"shipping-taxable","12":"purchasable","13":"product-type-variable"},"acf":[],"_links":{"self":[{"href":"https:\/\/nidaloghouses.com\/fr\/wp-json\/wp\/v2\/product\/5753","targetHints":{"allow":["GET"]}}],"collection":[{"href":"https:\/\/nidaloghouses.com\/fr\/wp-json\/wp\/v2\/product"}],"about":[{"href":"https:\/\/nidaloghouses.com\/fr\/wp-json\/wp\/v2\/types\/product"}],"wp:featuredmedia":[{"embeddable":true,"href":"https:\/\/nidaloghouses.com\/fr\/wp-json\/wp\/v2\/media\/9960"}],"wp:attachment":[{"href":"https:\/\/nidaloghouses.com\/fr\/wp-json\/wp\/v2\/media?parent=5753"}],"wp:term":[{"taxonomy":"location","embeddable":true,"href":"https:\/\/nidaloghouses.com\/fr\/wp-json\/wp\/v2\/location?post=5753"},{"taxonomy":"type-category","embeddable":true,"href":"https:\/\/nidaloghouses.com\/fr\/wp-json\/wp\/v2\/type-category?post=5753"},{"taxonomy":"product_brand","embeddable":true,"href":"https:\/\/nidaloghouses.com\/fr\/wp-json\/wp\/v2\/product_brand?post=5753"},{"taxonomy":"product_cat","embeddable":true,"href":"https:\/\/nidaloghouses.com\/fr\/wp-json\/wp\/v2\/product_cat?post=5753"},{"taxonomy":"product_tag","embeddable":true,"href":"https:\/\/nidaloghouses.com\/fr\/wp-json\/wp\/v2\/product_tag?post=5753"}],"curies":[{"name":"wp","href":"https:\/\/api.w.org\/{rel}","templated":true}]}}