{"id":5722,"date":"2024-02-25T16:35:33","date_gmt":"2024-02-25T16:35:33","guid":{"rendered":"https:\/\/nidaloghouses.com\/product\/woodland-elegance\/"},"modified":"2025-06-16T10:41:01","modified_gmt":"2025-06-16T10:41:01","slug":"woodland-elegance","status":"publish","type":"product","link":"https:\/\/nidaloghouses.com\/fr\/catalogue\/maisons-en-bois\/woodland-elegance\/","title":{"rendered":"Woodland Elegance"},"content":{"rendered":"<p>Woodland Elegance est une maison traditionnelle en bois confortable et spacieuse avec un immense salon et deux chambres. C&rsquo;est l&rsquo;un de nos plus grands chalets, disponible en diff\u00e9rentes tailles, allant de 26 \u00e0 43 m\u00b2 de surface habitable. Le salon principal dispose de trois fen\u00eatres sur diff\u00e9rents c\u00f4t\u00e9s, permettant \u00e0 la lumi\u00e8re naturelle de p\u00e9n\u00e9trer \u00e0 l&rsquo;int\u00e9rieur du chalet tout au long de la journ\u00e9e pendant que vous profitez de ce merveilleux chalet en bois naturel de haute qualit\u00e9.<\/p>\n","protected":false},"excerpt":{"rendered":"<p>Woodland Elegance est une maison traditionnelle en bois confortable et spacieuse, avec un vaste espace de vie et deux chambres. Elle est disponible en diff\u00e9rentes tailles : de 26 \u00e0 43 m\u00b2 de surface habitable.<\/p>\n","protected":false},"featured_media":10012,"template":"","meta":{"_acf_changed":false,"inline_featured_image":false},"location":[],"type-category":[],"product_brand":[],"product_cat":[73],"product_tag":[],"class_list":{"0":"post-5722","1":"product","2":"type-product","3":"status-publish","4":"has-post-thumbnail","6":"product_cat-maisons-en-bois","8":"first","9":"instock","10":"taxable","11":"shipping-taxable","12":"purchasable","13":"product-type-variable"},"acf":[],"_links":{"self":[{"href":"https:\/\/nidaloghouses.com\/fr\/wp-json\/wp\/v2\/product\/5722","targetHints":{"allow":["GET"]}}],"collection":[{"href":"https:\/\/nidaloghouses.com\/fr\/wp-json\/wp\/v2\/product"}],"about":[{"href":"https:\/\/nidaloghouses.com\/fr\/wp-json\/wp\/v2\/types\/product"}],"wp:featuredmedia":[{"embeddable":true,"href":"https:\/\/nidaloghouses.com\/fr\/wp-json\/wp\/v2\/media\/10012"}],"wp:attachment":[{"href":"https:\/\/nidaloghouses.com\/fr\/wp-json\/wp\/v2\/media?parent=5722"}],"wp:term":[{"taxonomy":"location","embeddable":true,"href":"https:\/\/nidaloghouses.com\/fr\/wp-json\/wp\/v2\/location?post=5722"},{"taxonomy":"type-category","embeddable":true,"href":"https:\/\/nidaloghouses.com\/fr\/wp-json\/wp\/v2\/type-category?post=5722"},{"taxonomy":"product_brand","embeddable":true,"href":"https:\/\/nidaloghouses.com\/fr\/wp-json\/wp\/v2\/product_brand?post=5722"},{"taxonomy":"product_cat","embeddable":true,"href":"https:\/\/nidaloghouses.com\/fr\/wp-json\/wp\/v2\/product_cat?post=5722"},{"taxonomy":"product_tag","embeddable":true,"href":"https:\/\/nidaloghouses.com\/fr\/wp-json\/wp\/v2\/product_tag?post=5722"}],"curies":[{"name":"wp","href":"https:\/\/api.w.org\/{rel}","templated":true}]}}