{"id":5713,"date":"2024-02-25T16:58:28","date_gmt":"2024-02-25T16:58:28","guid":{"rendered":"https:\/\/nidaloghouses.com\/product\/lakeside-serenity\/"},"modified":"2025-06-16T10:43:50","modified_gmt":"2025-06-16T10:43:50","slug":"lakeside-serenity","status":"publish","type":"product","link":"https:\/\/nidaloghouses.com\/fr\/catalogue\/abris-de-jardin-en-bois\/lakeside-serenity\/","title":{"rendered":"Lakeside Serenity"},"content":{"rendered":"<p>Magnifique maison de vacances compacte et \u00e9l\u00e9gante, Lakeside Serenity, avec son toit en pente raffin\u00e9, dispose de grandes fen\u00eatres sur trois c\u00f4t\u00e9s et de belles portes \u00e0 double vitrage. Elle offre ainsi une sensation d&rsquo;espace et une vue imprenable sur votre cadre enchanteur. Lakeside Serenity est disponible dans des superficies allant de 22 \u00e0 28 m\u00b2 habitables.<\/p>\n","protected":false},"excerpt":{"rendered":"<p>La maison de vacances compacte Lakeside Serenity, avec son toit en pente \u00e9l\u00e9gant, dispose de grandes fen\u00eatres sur trois c\u00f4t\u00e9s et de belles portes.<\/p>\n","protected":false},"featured_media":10041,"template":"","meta":{"_acf_changed":false,"inline_featured_image":false},"location":[],"type-category":[],"product_brand":[],"product_cat":[81],"product_tag":[],"class_list":{"0":"post-5713","1":"product","2":"type-product","3":"status-publish","4":"has-post-thumbnail","6":"product_cat-abris-de-jardin-en-bois","8":"first","9":"instock","10":"taxable","11":"shipping-taxable","12":"purchasable","13":"product-type-variable"},"acf":[],"_links":{"self":[{"href":"https:\/\/nidaloghouses.com\/fr\/wp-json\/wp\/v2\/product\/5713","targetHints":{"allow":["GET"]}}],"collection":[{"href":"https:\/\/nidaloghouses.com\/fr\/wp-json\/wp\/v2\/product"}],"about":[{"href":"https:\/\/nidaloghouses.com\/fr\/wp-json\/wp\/v2\/types\/product"}],"wp:featuredmedia":[{"embeddable":true,"href":"https:\/\/nidaloghouses.com\/fr\/wp-json\/wp\/v2\/media\/10041"}],"wp:attachment":[{"href":"https:\/\/nidaloghouses.com\/fr\/wp-json\/wp\/v2\/media?parent=5713"}],"wp:term":[{"taxonomy":"location","embeddable":true,"href":"https:\/\/nidaloghouses.com\/fr\/wp-json\/wp\/v2\/location?post=5713"},{"taxonomy":"type-category","embeddable":true,"href":"https:\/\/nidaloghouses.com\/fr\/wp-json\/wp\/v2\/type-category?post=5713"},{"taxonomy":"product_brand","embeddable":true,"href":"https:\/\/nidaloghouses.com\/fr\/wp-json\/wp\/v2\/product_brand?post=5713"},{"taxonomy":"product_cat","embeddable":true,"href":"https:\/\/nidaloghouses.com\/fr\/wp-json\/wp\/v2\/product_cat?post=5713"},{"taxonomy":"product_tag","embeddable":true,"href":"https:\/\/nidaloghouses.com\/fr\/wp-json\/wp\/v2\/product_tag?post=5713"}],"curies":[{"name":"wp","href":"https:\/\/api.w.org\/{rel}","templated":true}]}}