{"id":5706,"date":"2024-02-25T17:07:47","date_gmt":"2024-02-25T17:07:47","guid":{"rendered":"https:\/\/nidaloghouses.com\/product\/evergreen-retreat\/"},"modified":"2025-06-16T08:35:35","modified_gmt":"2025-06-16T08:35:35","slug":"evergreen-retreat","status":"publish","type":"product","link":"https:\/\/nidaloghouses.com\/fr\/catalogue\/abris-de-jardin-en-bois\/evergreen-retreat\/","title":{"rendered":"Evergreen Retreat"},"content":{"rendered":"<p>La charmante maison en bois Evergreen Retreat est id\u00e9ale pour ceux qui appr\u00e9cient les ambiances compactes. Quatre fen\u00eatres sur trois c\u00f4t\u00e9s offrent beaucoup de lumi\u00e8re naturelle au salon de 22 m\u00b2, qui est compl\u00e9t\u00e9 par une terrasse spacieuse. Elle est parfaite pour se d\u00e9tendre par tous les temps.<\/p>\n","protected":false},"excerpt":{"rendered":"<p>La maison en bois Evergreen Retreat dispose de quatre fen\u00eatres et d&rsquo;une surface habitable de 22 m\u00b2, compl\u00e9t\u00e9e par une terrasse spacieuse.<\/p>\n","protected":false},"featured_media":10067,"template":"","meta":{"_acf_changed":false,"inline_featured_image":false},"location":[],"type-category":[],"product_brand":[],"product_cat":[81],"product_tag":[],"class_list":{"0":"post-5706","1":"product","2":"type-product","3":"status-publish","4":"has-post-thumbnail","6":"product_cat-abris-de-jardin-en-bois","8":"first","9":"instock","10":"taxable","11":"shipping-taxable","12":"purchasable","13":"product-type-variable"},"acf":[],"_links":{"self":[{"href":"https:\/\/nidaloghouses.com\/fr\/wp-json\/wp\/v2\/product\/5706","targetHints":{"allow":["GET"]}}],"collection":[{"href":"https:\/\/nidaloghouses.com\/fr\/wp-json\/wp\/v2\/product"}],"about":[{"href":"https:\/\/nidaloghouses.com\/fr\/wp-json\/wp\/v2\/types\/product"}],"wp:featuredmedia":[{"embeddable":true,"href":"https:\/\/nidaloghouses.com\/fr\/wp-json\/wp\/v2\/media\/10067"}],"wp:attachment":[{"href":"https:\/\/nidaloghouses.com\/fr\/wp-json\/wp\/v2\/media?parent=5706"}],"wp:term":[{"taxonomy":"location","embeddable":true,"href":"https:\/\/nidaloghouses.com\/fr\/wp-json\/wp\/v2\/location?post=5706"},{"taxonomy":"type-category","embeddable":true,"href":"https:\/\/nidaloghouses.com\/fr\/wp-json\/wp\/v2\/type-category?post=5706"},{"taxonomy":"product_brand","embeddable":true,"href":"https:\/\/nidaloghouses.com\/fr\/wp-json\/wp\/v2\/product_brand?post=5706"},{"taxonomy":"product_cat","embeddable":true,"href":"https:\/\/nidaloghouses.com\/fr\/wp-json\/wp\/v2\/product_cat?post=5706"},{"taxonomy":"product_tag","embeddable":true,"href":"https:\/\/nidaloghouses.com\/fr\/wp-json\/wp\/v2\/product_tag?post=5706"}],"curies":[{"name":"wp","href":"https:\/\/api.w.org\/{rel}","templated":true}]}}