{"id":5677,"date":"2024-02-25T17:13:15","date_gmt":"2024-02-25T17:13:15","guid":{"rendered":"https:\/\/nidaloghouses.com\/product\/see-breezes\/"},"modified":"2025-06-16T12:46:04","modified_gmt":"2025-06-16T12:46:04","slug":"see-breezes","status":"publish","type":"product","link":"https:\/\/nidaloghouses.com\/fr\/catalogue\/cabanes-de-jardin\/see-breezes\/","title":{"rendered":"See Breezes"},"content":{"rendered":"<p>La cabane en rondins agr\u00e9able et pratique See Breezes est parfaite pour une escapade loin de la ville. La maison semble lumineuse et vivante, avec deux grandes fen\u00eatres et des portes vitr\u00e9es qui laissent entrer beaucoup de lumi\u00e8re naturelle \u00e0 l&rsquo;int\u00e9rieur. See Breezes peut r\u00e9pondre \u00e0 diff\u00e9rents besoins en termes de taille, avec une surface habitable allant de 10 m\u00b2 \u00e0 32 m\u00b2.<\/p>\n","protected":false},"excerpt":{"rendered":"<p>La cabane de jardin en bois See Breezes peut r\u00e9pondre \u00e0 diff\u00e9rents besoins en termes de taille, avec une surface habitable allant de 10 m\u00b2 \u00e0 32 m\u00b2.<\/p>\n","protected":false},"featured_media":10073,"template":"","meta":{"_acf_changed":false,"inline_featured_image":false},"location":[],"type-category":[],"product_brand":[],"product_cat":[83],"product_tag":[],"class_list":{"0":"post-5677","1":"product","2":"type-product","3":"status-publish","4":"has-post-thumbnail","6":"product_cat-cabanes-de-jardin","8":"first","9":"instock","10":"taxable","11":"shipping-taxable","12":"purchasable","13":"product-type-variable"},"acf":[],"_links":{"self":[{"href":"https:\/\/nidaloghouses.com\/fr\/wp-json\/wp\/v2\/product\/5677","targetHints":{"allow":["GET"]}}],"collection":[{"href":"https:\/\/nidaloghouses.com\/fr\/wp-json\/wp\/v2\/product"}],"about":[{"href":"https:\/\/nidaloghouses.com\/fr\/wp-json\/wp\/v2\/types\/product"}],"wp:featuredmedia":[{"embeddable":true,"href":"https:\/\/nidaloghouses.com\/fr\/wp-json\/wp\/v2\/media\/10073"}],"wp:attachment":[{"href":"https:\/\/nidaloghouses.com\/fr\/wp-json\/wp\/v2\/media?parent=5677"}],"wp:term":[{"taxonomy":"location","embeddable":true,"href":"https:\/\/nidaloghouses.com\/fr\/wp-json\/wp\/v2\/location?post=5677"},{"taxonomy":"type-category","embeddable":true,"href":"https:\/\/nidaloghouses.com\/fr\/wp-json\/wp\/v2\/type-category?post=5677"},{"taxonomy":"product_brand","embeddable":true,"href":"https:\/\/nidaloghouses.com\/fr\/wp-json\/wp\/v2\/product_brand?post=5677"},{"taxonomy":"product_cat","embeddable":true,"href":"https:\/\/nidaloghouses.com\/fr\/wp-json\/wp\/v2\/product_cat?post=5677"},{"taxonomy":"product_tag","embeddable":true,"href":"https:\/\/nidaloghouses.com\/fr\/wp-json\/wp\/v2\/product_tag?post=5677"}],"curies":[{"name":"wp","href":"https:\/\/api.w.org\/{rel}","templated":true}]}}