{"id":5649,"date":"2024-02-25T18:35:38","date_gmt":"2024-02-25T18:35:38","guid":{"rendered":"https:\/\/nidaloghouses.com\/product\/dreamy-getway\/"},"modified":"2025-06-16T08:49:08","modified_gmt":"2025-06-16T08:49:08","slug":"dreamy-getway","status":"publish","type":"product","link":"https:\/\/nidaloghouses.com\/fr\/catalogue\/abris-de-jardin-en-bois\/dreamy-getway\/","title":{"rendered":"Dreamy Getway"},"content":{"rendered":"<p>Dreamy Getway est notre charmant abri de jardin en bois, disponible en deux tailles : 15 ou 25 m\u00b2 de surface habitable. Un petit porche ajoute une touche agr\u00e9able au design de la cabane. Des portes vitr\u00e9es \u00e0 double paroi et deux fen\u00eatres laissent entrer la lumi\u00e8re naturelle \u00e0 l&rsquo;int\u00e9rieur. Asseyez-vous, d\u00e9tendez-vous et profitez de l&rsquo;atmosph\u00e8re chaleureuse.<\/p>\n","protected":false},"excerpt":{"rendered":"<p>Dreamy Getway est notre charmant abri de jardin en bois, disponible en deux tailles : 15 ou 25 m\u00b2 de surface habitable.<\/p>\n","protected":false},"featured_media":10088,"template":"","meta":{"_acf_changed":false,"inline_featured_image":false},"location":[],"type-category":[],"product_brand":[],"product_cat":[81],"product_tag":[],"class_list":{"0":"post-5649","1":"product","2":"type-product","3":"status-publish","4":"has-post-thumbnail","6":"product_cat-abris-de-jardin-en-bois","8":"first","9":"instock","10":"taxable","11":"shipping-taxable","12":"purchasable","13":"product-type-variable"},"acf":[],"_links":{"self":[{"href":"https:\/\/nidaloghouses.com\/fr\/wp-json\/wp\/v2\/product\/5649","targetHints":{"allow":["GET"]}}],"collection":[{"href":"https:\/\/nidaloghouses.com\/fr\/wp-json\/wp\/v2\/product"}],"about":[{"href":"https:\/\/nidaloghouses.com\/fr\/wp-json\/wp\/v2\/types\/product"}],"wp:featuredmedia":[{"embeddable":true,"href":"https:\/\/nidaloghouses.com\/fr\/wp-json\/wp\/v2\/media\/10088"}],"wp:attachment":[{"href":"https:\/\/nidaloghouses.com\/fr\/wp-json\/wp\/v2\/media?parent=5649"}],"wp:term":[{"taxonomy":"location","embeddable":true,"href":"https:\/\/nidaloghouses.com\/fr\/wp-json\/wp\/v2\/location?post=5649"},{"taxonomy":"type-category","embeddable":true,"href":"https:\/\/nidaloghouses.com\/fr\/wp-json\/wp\/v2\/type-category?post=5649"},{"taxonomy":"product_brand","embeddable":true,"href":"https:\/\/nidaloghouses.com\/fr\/wp-json\/wp\/v2\/product_brand?post=5649"},{"taxonomy":"product_cat","embeddable":true,"href":"https:\/\/nidaloghouses.com\/fr\/wp-json\/wp\/v2\/product_cat?post=5649"},{"taxonomy":"product_tag","embeddable":true,"href":"https:\/\/nidaloghouses.com\/fr\/wp-json\/wp\/v2\/product_tag?post=5649"}],"curies":[{"name":"wp","href":"https:\/\/api.w.org\/{rel}","templated":true}]}}