{"id":5633,"date":"2024-02-25T18:40:48","date_gmt":"2024-02-25T18:40:48","guid":{"rendered":"https:\/\/nidaloghouses.com\/product\/river-rock\/"},"modified":"2025-06-16T08:51:35","modified_gmt":"2025-06-16T08:51:35","slug":"river-rock","status":"publish","type":"product","link":"https:\/\/nidaloghouses.com\/fr\/catalogue\/garages-en-bois\/river-rock\/","title":{"rendered":"River Rock"},"content":{"rendered":"<p>River Rock est notre projet de garage en bois, offrant suffisamment d&rsquo;espace pour garer un v\u00e9hicule en toute s\u00e9curit\u00e9. Plusieurs options de taille sont disponibles : 17 \u00e0 26 m\u00b2 de surface habitable. Le mod\u00e8le comprend une fen\u00eatre pour \u00e9clairer l&rsquo;int\u00e9rieur du garage avec la lumi\u00e8re naturelle. Un mod\u00e8le simple, mais agr\u00e9able et spacieux.<\/p>\n","protected":false},"excerpt":{"rendered":"<p>River Rock est notre projet de garage en bois, offrant suffisamment d&rsquo;espace pour garer un v\u00e9hicule en toute s\u00e9curit\u00e9. <\/p>\n","protected":false},"featured_media":10094,"template":"","meta":{"_acf_changed":false,"inline_featured_image":false},"location":[],"type-category":[],"product_brand":[],"product_cat":[85],"product_tag":[],"class_list":{"0":"post-5633","1":"product","2":"type-product","3":"status-publish","4":"has-post-thumbnail","6":"product_cat-garages-en-bois","8":"first","9":"instock","10":"taxable","11":"shipping-taxable","12":"purchasable","13":"product-type-variable"},"acf":[],"_links":{"self":[{"href":"https:\/\/nidaloghouses.com\/fr\/wp-json\/wp\/v2\/product\/5633","targetHints":{"allow":["GET"]}}],"collection":[{"href":"https:\/\/nidaloghouses.com\/fr\/wp-json\/wp\/v2\/product"}],"about":[{"href":"https:\/\/nidaloghouses.com\/fr\/wp-json\/wp\/v2\/types\/product"}],"wp:featuredmedia":[{"embeddable":true,"href":"https:\/\/nidaloghouses.com\/fr\/wp-json\/wp\/v2\/media\/10094"}],"wp:attachment":[{"href":"https:\/\/nidaloghouses.com\/fr\/wp-json\/wp\/v2\/media?parent=5633"}],"wp:term":[{"taxonomy":"location","embeddable":true,"href":"https:\/\/nidaloghouses.com\/fr\/wp-json\/wp\/v2\/location?post=5633"},{"taxonomy":"type-category","embeddable":true,"href":"https:\/\/nidaloghouses.com\/fr\/wp-json\/wp\/v2\/type-category?post=5633"},{"taxonomy":"product_brand","embeddable":true,"href":"https:\/\/nidaloghouses.com\/fr\/wp-json\/wp\/v2\/product_brand?post=5633"},{"taxonomy":"product_cat","embeddable":true,"href":"https:\/\/nidaloghouses.com\/fr\/wp-json\/wp\/v2\/product_cat?post=5633"},{"taxonomy":"product_tag","embeddable":true,"href":"https:\/\/nidaloghouses.com\/fr\/wp-json\/wp\/v2\/product_tag?post=5633"}],"curies":[{"name":"wp","href":"https:\/\/api.w.org\/{rel}","templated":true}]}}