{"id":5625,"date":"2024-02-25T19:35:43","date_gmt":"2024-02-25T19:35:43","guid":{"rendered":"https:\/\/nidaloghouses.com\/product\/cloud-castle\/"},"modified":"2025-06-16T08:54:38","modified_gmt":"2025-06-16T08:54:38","slug":"cloud-castle","status":"publish","type":"product","link":"https:\/\/nidaloghouses.com\/fr\/catalogue\/garages-en-bois\/cloud-castle\/","title":{"rendered":"Cloud Castle"},"content":{"rendered":"<p>Cloud Castle est notre garage en bois avec deux entr\u00e9es, offrant suffisamment d&rsquo;espace pour deux v\u00e9hicules. Il s&rsquo;agit d&rsquo;un mod\u00e8le pratique disponible en deux tailles : 27 ou 33 m\u00b2 de surface habitable. Un choix agr\u00e9able et confortable pour accueillir de grandes entreprises.<\/p>\n","protected":false},"excerpt":{"rendered":"<p>Cloud Castle est notre garage en bois avec deux entr\u00e9es, offrant suffisamment d&rsquo;espace pour deux v\u00e9hicules.<\/p>\n","protected":false},"featured_media":10100,"template":"","meta":{"_acf_changed":false,"inline_featured_image":false},"location":[],"type-category":[],"product_brand":[],"product_cat":[85],"product_tag":[],"class_list":{"0":"post-5625","1":"product","2":"type-product","3":"status-publish","4":"has-post-thumbnail","6":"product_cat-garages-en-bois","8":"first","9":"instock","10":"taxable","11":"shipping-taxable","12":"purchasable","13":"product-type-variable"},"acf":[],"_links":{"self":[{"href":"https:\/\/nidaloghouses.com\/fr\/wp-json\/wp\/v2\/product\/5625","targetHints":{"allow":["GET"]}}],"collection":[{"href":"https:\/\/nidaloghouses.com\/fr\/wp-json\/wp\/v2\/product"}],"about":[{"href":"https:\/\/nidaloghouses.com\/fr\/wp-json\/wp\/v2\/types\/product"}],"wp:featuredmedia":[{"embeddable":true,"href":"https:\/\/nidaloghouses.com\/fr\/wp-json\/wp\/v2\/media\/10100"}],"wp:attachment":[{"href":"https:\/\/nidaloghouses.com\/fr\/wp-json\/wp\/v2\/media?parent=5625"}],"wp:term":[{"taxonomy":"location","embeddable":true,"href":"https:\/\/nidaloghouses.com\/fr\/wp-json\/wp\/v2\/location?post=5625"},{"taxonomy":"type-category","embeddable":true,"href":"https:\/\/nidaloghouses.com\/fr\/wp-json\/wp\/v2\/type-category?post=5625"},{"taxonomy":"product_brand","embeddable":true,"href":"https:\/\/nidaloghouses.com\/fr\/wp-json\/wp\/v2\/product_brand?post=5625"},{"taxonomy":"product_cat","embeddable":true,"href":"https:\/\/nidaloghouses.com\/fr\/wp-json\/wp\/v2\/product_cat?post=5625"},{"taxonomy":"product_tag","embeddable":true,"href":"https:\/\/nidaloghouses.com\/fr\/wp-json\/wp\/v2\/product_tag?post=5625"}],"curies":[{"name":"wp","href":"https:\/\/api.w.org\/{rel}","templated":true}]}}