{"id":5613,"date":"2024-02-25T19:40:18","date_gmt":"2024-02-25T19:40:18","guid":{"rendered":"https:\/\/nidaloghouses.com\/product\/thicket-lane\/"},"modified":"2025-06-16T08:58:41","modified_gmt":"2025-06-16T08:58:41","slug":"thicket-lane","status":"publish","type":"product","link":"https:\/\/nidaloghouses.com\/fr\/catalogue\/maisons-en-bois\/thicket-lane\/","title":{"rendered":"Thicket Lane"},"content":{"rendered":"<p>Thicket Lane est un mod\u00e8le unique de maison en bois massif, tr\u00e8s lumineuse, spacieuse (41 m\u00b2 de surface habitable) et parfaitement agenc\u00e9e pour devenir votre lieu de d\u00e9tente pr\u00e9f\u00e9r\u00e9. Son design reprend tous les \u00e9l\u00e9ments essentiels d&rsquo;une maison d&rsquo;\u00e9t\u00e9 de r\u00eave : un porche \u00e9troit pour se d\u00e9tendre, beaucoup de lumi\u00e8re naturelle \u00e0 l&rsquo;int\u00e9rieur et un beau toit en pente.<\/p>\n","protected":false},"excerpt":{"rendered":"<p>Thicket Lane est un mod\u00e8le unique de maison en bois massif, tr\u00e8s lumineuse et spacieuse (41 m\u00b2 de surface habitable).<\/p>\n","protected":false},"featured_media":10106,"template":"","meta":{"_acf_changed":false,"inline_featured_image":false},"location":[],"type-category":[],"product_brand":[],"product_cat":[73],"product_tag":[],"class_list":{"0":"post-5613","1":"product","2":"type-product","3":"status-publish","4":"has-post-thumbnail","6":"product_cat-maisons-en-bois","8":"first","9":"instock","10":"taxable","11":"shipping-taxable","12":"purchasable","13":"product-type-variable"},"acf":[],"_links":{"self":[{"href":"https:\/\/nidaloghouses.com\/fr\/wp-json\/wp\/v2\/product\/5613","targetHints":{"allow":["GET"]}}],"collection":[{"href":"https:\/\/nidaloghouses.com\/fr\/wp-json\/wp\/v2\/product"}],"about":[{"href":"https:\/\/nidaloghouses.com\/fr\/wp-json\/wp\/v2\/types\/product"}],"wp:featuredmedia":[{"embeddable":true,"href":"https:\/\/nidaloghouses.com\/fr\/wp-json\/wp\/v2\/media\/10106"}],"wp:attachment":[{"href":"https:\/\/nidaloghouses.com\/fr\/wp-json\/wp\/v2\/media?parent=5613"}],"wp:term":[{"taxonomy":"location","embeddable":true,"href":"https:\/\/nidaloghouses.com\/fr\/wp-json\/wp\/v2\/location?post=5613"},{"taxonomy":"type-category","embeddable":true,"href":"https:\/\/nidaloghouses.com\/fr\/wp-json\/wp\/v2\/type-category?post=5613"},{"taxonomy":"product_brand","embeddable":true,"href":"https:\/\/nidaloghouses.com\/fr\/wp-json\/wp\/v2\/product_brand?post=5613"},{"taxonomy":"product_cat","embeddable":true,"href":"https:\/\/nidaloghouses.com\/fr\/wp-json\/wp\/v2\/product_cat?post=5613"},{"taxonomy":"product_tag","embeddable":true,"href":"https:\/\/nidaloghouses.com\/fr\/wp-json\/wp\/v2\/product_tag?post=5613"}],"curies":[{"name":"wp","href":"https:\/\/api.w.org\/{rel}","templated":true}]}}