{"id":5601,"date":"2024-02-25T19:47:02","date_gmt":"2024-02-25T19:47:02","guid":{"rendered":"https:\/\/nidaloghouses.com\/product\/violet-nook\/"},"modified":"2025-06-16T09:01:54","modified_gmt":"2025-06-16T09:01:54","slug":"violet-nook","status":"publish","type":"product","link":"https:\/\/nidaloghouses.com\/fr\/catalogue\/garages-en-bois\/violet-nook\/","title":{"rendered":"Violet Nook"},"content":{"rendered":"<p>Violet Nook est notre plus grand projet de garage en bois. Offrant pr\u00e8s de 49 m\u00b2 de surface habitable, il peut accueillir jusqu&rsquo;\u00e0 trois voitures. Il y a \u00e9galement suffisamment d&rsquo;espace pour ranger quelques objets. L&rsquo;architecture et le design standard des cabanes en rondins s&rsquo;harmonisent parfaitement avec l&rsquo;environnement naturel. Le mod\u00e8le est \u00e9quip\u00e9 de deux fen\u00eatres pour laisser entrer la lumi\u00e8re naturelle.<\/p>\n","protected":false},"excerpt":{"rendered":"<p>Avec une surface habitable de pr\u00e8s de 49 m\u00b2, le garage en bois Violet Nook peut accueillir jusqu&rsquo;\u00e0 trois voitures.<\/p>\n","protected":false},"featured_media":10127,"template":"","meta":{"_acf_changed":false,"inline_featured_image":false},"location":[],"type-category":[],"product_brand":[],"product_cat":[85],"product_tag":[],"class_list":{"0":"post-5601","1":"product","2":"type-product","3":"status-publish","4":"has-post-thumbnail","6":"product_cat-garages-en-bois","8":"first","9":"instock","10":"taxable","11":"shipping-taxable","12":"purchasable","13":"product-type-variable"},"acf":[],"_links":{"self":[{"href":"https:\/\/nidaloghouses.com\/fr\/wp-json\/wp\/v2\/product\/5601","targetHints":{"allow":["GET"]}}],"collection":[{"href":"https:\/\/nidaloghouses.com\/fr\/wp-json\/wp\/v2\/product"}],"about":[{"href":"https:\/\/nidaloghouses.com\/fr\/wp-json\/wp\/v2\/types\/product"}],"wp:featuredmedia":[{"embeddable":true,"href":"https:\/\/nidaloghouses.com\/fr\/wp-json\/wp\/v2\/media\/10127"}],"wp:attachment":[{"href":"https:\/\/nidaloghouses.com\/fr\/wp-json\/wp\/v2\/media?parent=5601"}],"wp:term":[{"taxonomy":"location","embeddable":true,"href":"https:\/\/nidaloghouses.com\/fr\/wp-json\/wp\/v2\/location?post=5601"},{"taxonomy":"type-category","embeddable":true,"href":"https:\/\/nidaloghouses.com\/fr\/wp-json\/wp\/v2\/type-category?post=5601"},{"taxonomy":"product_brand","embeddable":true,"href":"https:\/\/nidaloghouses.com\/fr\/wp-json\/wp\/v2\/product_brand?post=5601"},{"taxonomy":"product_cat","embeddable":true,"href":"https:\/\/nidaloghouses.com\/fr\/wp-json\/wp\/v2\/product_cat?post=5601"},{"taxonomy":"product_tag","embeddable":true,"href":"https:\/\/nidaloghouses.com\/fr\/wp-json\/wp\/v2\/product_tag?post=5601"}],"curies":[{"name":"wp","href":"https:\/\/api.w.org\/{rel}","templated":true}]}}