{"id":5589,"date":"2024-02-25T19:51:59","date_gmt":"2024-02-25T19:51:59","guid":{"rendered":"https:\/\/nidaloghouses.com\/product\/rosewood-ridge\/"},"modified":"2025-06-16T09:06:07","modified_gmt":"2025-06-16T09:06:07","slug":"rosewood-ridge","status":"publish","type":"product","link":"https:\/\/nidaloghouses.com\/fr\/catalogue\/maisons-residentielles-en-bois\/rosewood-ridge\/","title":{"rendered":"Rosewood Ridge"},"content":{"rendered":"<p>Rosewood Ridge est une maison r\u00e9sidentielle en bois vraiment extraordinaire, spacieuse (avec une surface habitable de 49 m\u00b2) et a\u00e9r\u00e9e. Divis\u00e9e en quatre zones distinctes, elle offre \u00e0 chacun son propre espace pour se d\u00e9tendre \u00e0 la fin de la journ\u00e9e. De grandes fen\u00eatres \u00e0 l&rsquo;avant laissent entrer la belle lumi\u00e8re naturelle dans la maison tout au long de la journ\u00e9e. Un toit en pente cr\u00e9e une structure architecturale agr\u00e9able.<\/p>\n","protected":false},"excerpt":{"rendered":"<p>La maison en bois Rosewood Ridge est divis\u00e9e en quatre zones distinctes, offrant \u00e0 chacun son propre espace pour se d\u00e9tendre \u00e0 la fin de la journ\u00e9e. <\/p>\n","protected":false},"featured_media":10130,"template":"","meta":{"_acf_changed":false,"inline_featured_image":false},"location":[],"type-category":[],"product_brand":[],"product_cat":[79],"product_tag":[],"class_list":{"0":"post-5589","1":"product","2":"type-product","3":"status-publish","4":"has-post-thumbnail","6":"product_cat-maisons-residentielles-en-bois","8":"first","9":"instock","10":"taxable","11":"shipping-taxable","12":"purchasable","13":"product-type-variable"},"acf":[],"_links":{"self":[{"href":"https:\/\/nidaloghouses.com\/fr\/wp-json\/wp\/v2\/product\/5589","targetHints":{"allow":["GET"]}}],"collection":[{"href":"https:\/\/nidaloghouses.com\/fr\/wp-json\/wp\/v2\/product"}],"about":[{"href":"https:\/\/nidaloghouses.com\/fr\/wp-json\/wp\/v2\/types\/product"}],"wp:featuredmedia":[{"embeddable":true,"href":"https:\/\/nidaloghouses.com\/fr\/wp-json\/wp\/v2\/media\/10130"}],"wp:attachment":[{"href":"https:\/\/nidaloghouses.com\/fr\/wp-json\/wp\/v2\/media?parent=5589"}],"wp:term":[{"taxonomy":"location","embeddable":true,"href":"https:\/\/nidaloghouses.com\/fr\/wp-json\/wp\/v2\/location?post=5589"},{"taxonomy":"type-category","embeddable":true,"href":"https:\/\/nidaloghouses.com\/fr\/wp-json\/wp\/v2\/type-category?post=5589"},{"taxonomy":"product_brand","embeddable":true,"href":"https:\/\/nidaloghouses.com\/fr\/wp-json\/wp\/v2\/product_brand?post=5589"},{"taxonomy":"product_cat","embeddable":true,"href":"https:\/\/nidaloghouses.com\/fr\/wp-json\/wp\/v2\/product_cat?post=5589"},{"taxonomy":"product_tag","embeddable":true,"href":"https:\/\/nidaloghouses.com\/fr\/wp-json\/wp\/v2\/product_tag?post=5589"}],"curies":[{"name":"wp","href":"https:\/\/api.w.org\/{rel}","templated":true}]}}