{"id":5577,"date":"2024-02-25T19:58:11","date_gmt":"2024-02-25T19:58:11","guid":{"rendered":"https:\/\/nidaloghouses.com\/product\/forest-haven\/"},"modified":"2025-06-16T09:08:17","modified_gmt":"2025-06-16T09:08:17","slug":"forest-haven","status":"publish","type":"product","link":"https:\/\/nidaloghouses.com\/fr\/catalogue\/maisons-residentielles-en-bois\/forest-haven\/","title":{"rendered":"Forest Haven"},"content":{"rendered":"<p>Forest Haven est l&rsquo;une des plus grandes maisons en bois massif de notre collection, avec une surface habitable de 62 m\u00b2. Gr\u00e2ce \u00e0 un agencement efficace, elle comprend trois chambres, un grand espace commun et une salle de bains. Les portes situ\u00e9es \u00e0 l&rsquo;avant et \u00e0 l&rsquo;arri\u00e8re du b\u00e2timent garantissent un confort optimal et une grande libert\u00e9 de mouvement dans toute la maison. Les nombreuses fen\u00eatres laissent entrer la lumi\u00e8re naturelle, faisant de cette maison en bois massif un lieu vraiment agr\u00e9able \u00e0 vivre.<\/p>\n","protected":false},"excerpt":{"rendered":"<p>Forest Haven est l&rsquo;une des plus grandes maisons en bois massif de notre collection, avec une surface habitable de 62 m\u00b2.<\/p>\n","protected":false},"featured_media":10142,"template":"","meta":{"_acf_changed":false,"inline_featured_image":false},"location":[],"type-category":[],"product_brand":[],"product_cat":[79],"product_tag":[],"class_list":{"0":"post-5577","1":"product","2":"type-product","3":"status-publish","4":"has-post-thumbnail","6":"product_cat-maisons-residentielles-en-bois","8":"first","9":"instock","10":"taxable","11":"shipping-taxable","12":"purchasable","13":"product-type-variable"},"acf":[],"_links":{"self":[{"href":"https:\/\/nidaloghouses.com\/fr\/wp-json\/wp\/v2\/product\/5577","targetHints":{"allow":["GET"]}}],"collection":[{"href":"https:\/\/nidaloghouses.com\/fr\/wp-json\/wp\/v2\/product"}],"about":[{"href":"https:\/\/nidaloghouses.com\/fr\/wp-json\/wp\/v2\/types\/product"}],"wp:featuredmedia":[{"embeddable":true,"href":"https:\/\/nidaloghouses.com\/fr\/wp-json\/wp\/v2\/media\/10142"}],"wp:attachment":[{"href":"https:\/\/nidaloghouses.com\/fr\/wp-json\/wp\/v2\/media?parent=5577"}],"wp:term":[{"taxonomy":"location","embeddable":true,"href":"https:\/\/nidaloghouses.com\/fr\/wp-json\/wp\/v2\/location?post=5577"},{"taxonomy":"type-category","embeddable":true,"href":"https:\/\/nidaloghouses.com\/fr\/wp-json\/wp\/v2\/type-category?post=5577"},{"taxonomy":"product_brand","embeddable":true,"href":"https:\/\/nidaloghouses.com\/fr\/wp-json\/wp\/v2\/product_brand?post=5577"},{"taxonomy":"product_cat","embeddable":true,"href":"https:\/\/nidaloghouses.com\/fr\/wp-json\/wp\/v2\/product_cat?post=5577"},{"taxonomy":"product_tag","embeddable":true,"href":"https:\/\/nidaloghouses.com\/fr\/wp-json\/wp\/v2\/product_tag?post=5577"}],"curies":[{"name":"wp","href":"https:\/\/api.w.org\/{rel}","templated":true}]}}