{"id":5565,"date":"2024-02-25T20:04:05","date_gmt":"2024-02-25T20:04:05","guid":{"rendered":"https:\/\/nidaloghouses.com\/product\/rainfall-calmness\/"},"modified":"2025-06-16T07:53:28","modified_gmt":"2025-06-16T07:53:28","slug":"rainfall-calmness","status":"publish","type":"product","link":"https:\/\/nidaloghouses.com\/fr\/catalogue\/maisons-residentielles-en-bois\/rainfall-calmness\/","title":{"rendered":"Rainfall Calmness"},"content":{"rendered":"<p>Rainfall Calmness est une maison r\u00e9sidentielle spacieuse en bois (56 m\u00b2 de surface habitable) avec un espace int\u00e9rieur bien agenc\u00e9, garantissant un confort optimal aux r\u00e9sidents. Dot\u00e9e de trois grandes chambres, elle est id\u00e9ale pour toute la famille qui souhaite se retrouver, passer du temps ensemble et profiter d&rsquo;un repos de qualit\u00e9. Un choix parfait pour ceux qui appr\u00e9cient leur espace personnel.<\/p>\n","protected":false},"excerpt":{"rendered":"<p>Rainfall Calmness est une maison r\u00e9sidentielle spacieuse en bois (56 m\u00b2 de surface habitable) avec un espace int\u00e9rieur bien agenc\u00e9, garantissant un confort optimal aux r\u00e9sidents.<\/p>\n","protected":false},"featured_media":10154,"template":"","meta":{"_acf_changed":false,"inline_featured_image":false},"location":[],"type-category":[],"product_brand":[],"product_cat":[79],"product_tag":[],"class_list":{"0":"post-5565","1":"product","2":"type-product","3":"status-publish","4":"has-post-thumbnail","6":"product_cat-maisons-residentielles-en-bois","8":"first","9":"instock","10":"taxable","11":"shipping-taxable","12":"purchasable","13":"product-type-variable"},"acf":[],"_links":{"self":[{"href":"https:\/\/nidaloghouses.com\/fr\/wp-json\/wp\/v2\/product\/5565","targetHints":{"allow":["GET"]}}],"collection":[{"href":"https:\/\/nidaloghouses.com\/fr\/wp-json\/wp\/v2\/product"}],"about":[{"href":"https:\/\/nidaloghouses.com\/fr\/wp-json\/wp\/v2\/types\/product"}],"wp:featuredmedia":[{"embeddable":true,"href":"https:\/\/nidaloghouses.com\/fr\/wp-json\/wp\/v2\/media\/10154"}],"wp:attachment":[{"href":"https:\/\/nidaloghouses.com\/fr\/wp-json\/wp\/v2\/media?parent=5565"}],"wp:term":[{"taxonomy":"location","embeddable":true,"href":"https:\/\/nidaloghouses.com\/fr\/wp-json\/wp\/v2\/location?post=5565"},{"taxonomy":"type-category","embeddable":true,"href":"https:\/\/nidaloghouses.com\/fr\/wp-json\/wp\/v2\/type-category?post=5565"},{"taxonomy":"product_brand","embeddable":true,"href":"https:\/\/nidaloghouses.com\/fr\/wp-json\/wp\/v2\/product_brand?post=5565"},{"taxonomy":"product_cat","embeddable":true,"href":"https:\/\/nidaloghouses.com\/fr\/wp-json\/wp\/v2\/product_cat?post=5565"},{"taxonomy":"product_tag","embeddable":true,"href":"https:\/\/nidaloghouses.com\/fr\/wp-json\/wp\/v2\/product_tag?post=5565"}],"curies":[{"name":"wp","href":"https:\/\/api.w.org\/{rel}","templated":true}]}}