{"id":5552,"date":"2024-02-25T20:08:50","date_gmt":"2024-02-25T20:08:50","guid":{"rendered":"https:\/\/nidaloghouses.com\/product\/lilac-isle\/"},"modified":"2025-06-16T08:27:27","modified_gmt":"2025-06-16T08:27:27","slug":"lilac-isle","status":"publish","type":"product","link":"https:\/\/nidaloghouses.com\/fr\/catalogue\/abris-de-jardin-en-bois\/lilac-isle\/","title":{"rendered":"Lilac Isle"},"content":{"rendered":"<p>Un magnifique projet d&rsquo;abri de jardin avec une terrasse exceptionnelle. Lilac Isle offre un grand espace commun (33 m\u00b2 de surface habitable) et une grande terrasse ext\u00e9rieure couverte par un magnifique toit en pente. Il est lumineux et accueillant gr\u00e2ce \u00e0 la lumi\u00e8re naturelle qui p\u00e9n\u00e8tre par les grandes fen\u00eatres sur trois c\u00f4t\u00e9s du b\u00e2timent.<\/p>\n","protected":false},"excerpt":{"rendered":"<p>Un magnifique projet d&rsquo;abri de jardin avec une terrasse exceptionnelle. Lilac Isle offre 33 m\u00b2 de surface habitable et une grande terrasse ext\u00e9rieure.<\/p>\n","protected":false},"featured_media":10196,"template":"","meta":{"_acf_changed":false,"inline_featured_image":false},"location":[],"type-category":[],"product_brand":[],"product_cat":[81],"product_tag":[],"class_list":{"0":"post-5552","1":"product","2":"type-product","3":"status-publish","4":"has-post-thumbnail","6":"product_cat-abris-de-jardin-en-bois","8":"first","9":"instock","10":"taxable","11":"shipping-taxable","12":"purchasable","13":"product-type-variable"},"acf":[],"_links":{"self":[{"href":"https:\/\/nidaloghouses.com\/fr\/wp-json\/wp\/v2\/product\/5552","targetHints":{"allow":["GET"]}}],"collection":[{"href":"https:\/\/nidaloghouses.com\/fr\/wp-json\/wp\/v2\/product"}],"about":[{"href":"https:\/\/nidaloghouses.com\/fr\/wp-json\/wp\/v2\/types\/product"}],"wp:featuredmedia":[{"embeddable":true,"href":"https:\/\/nidaloghouses.com\/fr\/wp-json\/wp\/v2\/media\/10196"}],"wp:attachment":[{"href":"https:\/\/nidaloghouses.com\/fr\/wp-json\/wp\/v2\/media?parent=5552"}],"wp:term":[{"taxonomy":"location","embeddable":true,"href":"https:\/\/nidaloghouses.com\/fr\/wp-json\/wp\/v2\/location?post=5552"},{"taxonomy":"type-category","embeddable":true,"href":"https:\/\/nidaloghouses.com\/fr\/wp-json\/wp\/v2\/type-category?post=5552"},{"taxonomy":"product_brand","embeddable":true,"href":"https:\/\/nidaloghouses.com\/fr\/wp-json\/wp\/v2\/product_brand?post=5552"},{"taxonomy":"product_cat","embeddable":true,"href":"https:\/\/nidaloghouses.com\/fr\/wp-json\/wp\/v2\/product_cat?post=5552"},{"taxonomy":"product_tag","embeddable":true,"href":"https:\/\/nidaloghouses.com\/fr\/wp-json\/wp\/v2\/product_tag?post=5552"}],"curies":[{"name":"wp","href":"https:\/\/api.w.org\/{rel}","templated":true}]}}