{"id":5541,"date":"2024-02-25T20:10:15","date_gmt":"2024-02-25T20:10:15","guid":{"rendered":"https:\/\/nidaloghouses.com\/product\/magnolia-lane\/"},"modified":"2025-06-16T08:03:17","modified_gmt":"2025-06-16T08:03:17","slug":"magnolia-lane","status":"publish","type":"product","link":"https:\/\/nidaloghouses.com\/fr\/catalogue\/maisons-en-bois\/magnolia-lane\/","title":{"rendered":"Magnolia Lane"},"content":{"rendered":"<p>Magnolia Lane est un charmant projet de maison en rondins d&rsquo;une surface habitable de 38 m\u00b2. Elle comprend un grand salon, deux chambres et une salle de bains ind\u00e9pendante. En entrant dans la maison, vous acc\u00e9dez imm\u00e9diatement \u00e0 une grande pi\u00e8ce commune, id\u00e9ale pour les r\u00e9unions de famille. Un petit porche \u00e0 l&rsquo;ext\u00e9rieur de la porte d&rsquo;entr\u00e9e ajoute une touche architecturale agr\u00e9able au design.<\/p>\n","protected":false},"excerpt":{"rendered":"<p>Magnolia Lane est un charmant projet de maison en rondins d&rsquo;une surface habitable de 38 m\u00b2. Elle comprend un grand salon, deux chambres et une salle de bains ind\u00e9pendante. <\/p>\n","protected":false},"featured_media":10190,"template":"","meta":{"_acf_changed":false,"inline_featured_image":false},"location":[],"type-category":[],"product_brand":[],"product_cat":[73],"product_tag":[],"class_list":{"0":"post-5541","1":"product","2":"type-product","3":"status-publish","4":"has-post-thumbnail","6":"product_cat-maisons-en-bois","8":"first","9":"instock","10":"taxable","11":"shipping-taxable","12":"purchasable","13":"product-type-variable"},"acf":[],"_links":{"self":[{"href":"https:\/\/nidaloghouses.com\/fr\/wp-json\/wp\/v2\/product\/5541","targetHints":{"allow":["GET"]}}],"collection":[{"href":"https:\/\/nidaloghouses.com\/fr\/wp-json\/wp\/v2\/product"}],"about":[{"href":"https:\/\/nidaloghouses.com\/fr\/wp-json\/wp\/v2\/types\/product"}],"wp:featuredmedia":[{"embeddable":true,"href":"https:\/\/nidaloghouses.com\/fr\/wp-json\/wp\/v2\/media\/10190"}],"wp:attachment":[{"href":"https:\/\/nidaloghouses.com\/fr\/wp-json\/wp\/v2\/media?parent=5541"}],"wp:term":[{"taxonomy":"location","embeddable":true,"href":"https:\/\/nidaloghouses.com\/fr\/wp-json\/wp\/v2\/location?post=5541"},{"taxonomy":"type-category","embeddable":true,"href":"https:\/\/nidaloghouses.com\/fr\/wp-json\/wp\/v2\/type-category?post=5541"},{"taxonomy":"product_brand","embeddable":true,"href":"https:\/\/nidaloghouses.com\/fr\/wp-json\/wp\/v2\/product_brand?post=5541"},{"taxonomy":"product_cat","embeddable":true,"href":"https:\/\/nidaloghouses.com\/fr\/wp-json\/wp\/v2\/product_cat?post=5541"},{"taxonomy":"product_tag","embeddable":true,"href":"https:\/\/nidaloghouses.com\/fr\/wp-json\/wp\/v2\/product_tag?post=5541"}],"curies":[{"name":"wp","href":"https:\/\/api.w.org\/{rel}","templated":true}]}}