{"id":5528,"date":"2024-02-25T20:15:05","date_gmt":"2024-02-25T20:15:05","guid":{"rendered":"https:\/\/nidaloghouses.com\/product\/wildflower-suite\/"},"modified":"2025-06-16T07:54:17","modified_gmt":"2025-06-16T07:54:17","slug":"wildflower-suite","status":"publish","type":"product","link":"https:\/\/nidaloghouses.com\/fr\/catalogue\/maisons-en-bois\/wildflower-suite\/","title":{"rendered":"Wildflower Suite"},"content":{"rendered":"<p>La Wildflower Suite est une petite maison en bois (29 m\u00b2 de surface habitable) offrant tout le confort et les \u00e9quipements essentiels. Con\u00e7ue avec une grande attention port\u00e9e aux d\u00e9tails, cette maison d&rsquo;\u00e9t\u00e9 dispose de trois pi\u00e8ces s\u00e9par\u00e9es : un grand espace commun et deux chambres. La jolie v\u00e9randa situ\u00e9e juste devant le b\u00e2timent rend cette maison en bois exceptionnelle.<\/p>\n","protected":false},"excerpt":{"rendered":"<p>La Wildflower Suite est une petite maison en bois (29 m\u00b2 de surface habitable) offrant tout le confort et les \u00e9quipements essentiels.<\/p>\n","protected":false},"featured_media":10184,"template":"","meta":{"_acf_changed":false,"inline_featured_image":false},"location":[],"type-category":[],"product_brand":[],"product_cat":[73],"product_tag":[],"class_list":{"0":"post-5528","1":"product","2":"type-product","3":"status-publish","4":"has-post-thumbnail","6":"product_cat-maisons-en-bois","8":"first","9":"instock","10":"taxable","11":"shipping-taxable","12":"purchasable","13":"product-type-variable"},"acf":[],"_links":{"self":[{"href":"https:\/\/nidaloghouses.com\/fr\/wp-json\/wp\/v2\/product\/5528","targetHints":{"allow":["GET"]}}],"collection":[{"href":"https:\/\/nidaloghouses.com\/fr\/wp-json\/wp\/v2\/product"}],"about":[{"href":"https:\/\/nidaloghouses.com\/fr\/wp-json\/wp\/v2\/types\/product"}],"wp:featuredmedia":[{"embeddable":true,"href":"https:\/\/nidaloghouses.com\/fr\/wp-json\/wp\/v2\/media\/10184"}],"wp:attachment":[{"href":"https:\/\/nidaloghouses.com\/fr\/wp-json\/wp\/v2\/media?parent=5528"}],"wp:term":[{"taxonomy":"location","embeddable":true,"href":"https:\/\/nidaloghouses.com\/fr\/wp-json\/wp\/v2\/location?post=5528"},{"taxonomy":"type-category","embeddable":true,"href":"https:\/\/nidaloghouses.com\/fr\/wp-json\/wp\/v2\/type-category?post=5528"},{"taxonomy":"product_brand","embeddable":true,"href":"https:\/\/nidaloghouses.com\/fr\/wp-json\/wp\/v2\/product_brand?post=5528"},{"taxonomy":"product_cat","embeddable":true,"href":"https:\/\/nidaloghouses.com\/fr\/wp-json\/wp\/v2\/product_cat?post=5528"},{"taxonomy":"product_tag","embeddable":true,"href":"https:\/\/nidaloghouses.com\/fr\/wp-json\/wp\/v2\/product_tag?post=5528"}],"curies":[{"name":"wp","href":"https:\/\/api.w.org\/{rel}","templated":true}]}}