{"id":5504,"date":"2024-02-25T20:25:06","date_gmt":"2024-02-25T20:25:06","guid":{"rendered":"https:\/\/nidaloghouses.com\/product\/lunar-lodge\/"},"modified":"2025-06-16T07:59:52","modified_gmt":"2025-06-16T07:59:52","slug":"lunar-lodge","status":"publish","type":"product","link":"https:\/\/nidaloghouses.com\/fr\/catalogue\/maisons-residentielles-en-bois\/lunar-lodge\/","title":{"rendered":"Lunar Lodge"},"content":{"rendered":"<p>Lunar Lodge est une maison r\u00e9sidentielle classique et spacieuse en bois offrant une superficie habitable bien agenc\u00e9e de 108 m\u00b2. Elle comprend quatre chambres s\u00e9par\u00e9es, deux salles de bains et un grand salon. Le b\u00e2timent est confortable et lumineux gr\u00e2ce \u00e0 ses 8 fen\u00eatres r\u00e9parties sur chaque c\u00f4t\u00e9 de la maison.<\/p>\n","protected":false},"excerpt":{"rendered":"<p>Lunar Lodge est une maison r\u00e9sidentielle classique et spacieuse en bois offrant une superficie habitable bien agenc\u00e9e de 108 m\u00b2.<\/p>\n","protected":false},"featured_media":10172,"template":"","meta":{"_acf_changed":false,"inline_featured_image":false},"location":[],"type-category":[],"product_brand":[],"product_cat":[79],"product_tag":[],"class_list":{"0":"post-5504","1":"product","2":"type-product","3":"status-publish","4":"has-post-thumbnail","6":"product_cat-maisons-residentielles-en-bois","8":"first","9":"instock","10":"taxable","11":"shipping-taxable","12":"purchasable","13":"product-type-variable"},"acf":[],"_links":{"self":[{"href":"https:\/\/nidaloghouses.com\/fr\/wp-json\/wp\/v2\/product\/5504","targetHints":{"allow":["GET"]}}],"collection":[{"href":"https:\/\/nidaloghouses.com\/fr\/wp-json\/wp\/v2\/product"}],"about":[{"href":"https:\/\/nidaloghouses.com\/fr\/wp-json\/wp\/v2\/types\/product"}],"wp:featuredmedia":[{"embeddable":true,"href":"https:\/\/nidaloghouses.com\/fr\/wp-json\/wp\/v2\/media\/10172"}],"wp:attachment":[{"href":"https:\/\/nidaloghouses.com\/fr\/wp-json\/wp\/v2\/media?parent=5504"}],"wp:term":[{"taxonomy":"location","embeddable":true,"href":"https:\/\/nidaloghouses.com\/fr\/wp-json\/wp\/v2\/location?post=5504"},{"taxonomy":"type-category","embeddable":true,"href":"https:\/\/nidaloghouses.com\/fr\/wp-json\/wp\/v2\/type-category?post=5504"},{"taxonomy":"product_brand","embeddable":true,"href":"https:\/\/nidaloghouses.com\/fr\/wp-json\/wp\/v2\/product_brand?post=5504"},{"taxonomy":"product_cat","embeddable":true,"href":"https:\/\/nidaloghouses.com\/fr\/wp-json\/wp\/v2\/product_cat?post=5504"},{"taxonomy":"product_tag","embeddable":true,"href":"https:\/\/nidaloghouses.com\/fr\/wp-json\/wp\/v2\/product_tag?post=5504"}],"curies":[{"name":"wp","href":"https:\/\/api.w.org\/{rel}","templated":true}]}}