{"id":5469,"date":"2024-02-25T20:33:35","date_gmt":"2024-02-25T20:33:35","guid":{"rendered":"https:\/\/nidaloghouses.com\/product\/bamboo-bungalow\/"},"modified":"2025-06-16T07:47:55","modified_gmt":"2025-06-16T07:47:55","slug":"bamboo-bungalow","status":"publish","type":"product","link":"https:\/\/nidaloghouses.com\/fr\/catalogue\/maisons-residentielles-en-bois\/bamboo-bungalow\/","title":{"rendered":"Bamboo Bungalow"},"content":{"rendered":"<p>Certaines personnes ne peuvent imaginer une maison de campagne sans terrasse o\u00f9 passer leurs matin\u00e9es et leurs soir\u00e9es. Bamboo Bungalow est une maison r\u00e9sidentielle spacieuse en bois pouvant atteindre 108 m\u00b2, offrant une terrasse exceptionnellement belle devant l&rsquo;entr\u00e9e principale. La maison est divis\u00e9e en plusieurs espaces distincts : un grand salon, deux chambres plus ou moins grandes et deux salles de bains s\u00e9par\u00e9es.<\/p>\n","protected":false},"excerpt":{"rendered":"<p>Bamboo Bungalow est une maison r\u00e9sidentielle spacieuse en bois pouvant atteindre 108 m\u00b2, offrant une terrasse exceptionnellement belle devant l&rsquo;entr\u00e9e principale. La maison est divis\u00e9e en plusieurs espaces distincts : un grand salon, deux chambres plus ou moins grandes et deux salles de bains s\u00e9par\u00e9es.<\/p>\n","protected":false},"featured_media":10235,"template":"","meta":{"_acf_changed":false,"inline_featured_image":false},"location":[],"type-category":[],"product_brand":[],"product_cat":[79],"product_tag":[],"class_list":{"0":"post-5469","1":"product","2":"type-product","3":"status-publish","4":"has-post-thumbnail","6":"product_cat-maisons-residentielles-en-bois","8":"first","9":"instock","10":"taxable","11":"shipping-taxable","12":"purchasable","13":"product-type-variable"},"acf":[],"_links":{"self":[{"href":"https:\/\/nidaloghouses.com\/fr\/wp-json\/wp\/v2\/product\/5469","targetHints":{"allow":["GET"]}}],"collection":[{"href":"https:\/\/nidaloghouses.com\/fr\/wp-json\/wp\/v2\/product"}],"about":[{"href":"https:\/\/nidaloghouses.com\/fr\/wp-json\/wp\/v2\/types\/product"}],"wp:featuredmedia":[{"embeddable":true,"href":"https:\/\/nidaloghouses.com\/fr\/wp-json\/wp\/v2\/media\/10235"}],"wp:attachment":[{"href":"https:\/\/nidaloghouses.com\/fr\/wp-json\/wp\/v2\/media?parent=5469"}],"wp:term":[{"taxonomy":"location","embeddable":true,"href":"https:\/\/nidaloghouses.com\/fr\/wp-json\/wp\/v2\/location?post=5469"},{"taxonomy":"type-category","embeddable":true,"href":"https:\/\/nidaloghouses.com\/fr\/wp-json\/wp\/v2\/type-category?post=5469"},{"taxonomy":"product_brand","embeddable":true,"href":"https:\/\/nidaloghouses.com\/fr\/wp-json\/wp\/v2\/product_brand?post=5469"},{"taxonomy":"product_cat","embeddable":true,"href":"https:\/\/nidaloghouses.com\/fr\/wp-json\/wp\/v2\/product_cat?post=5469"},{"taxonomy":"product_tag","embeddable":true,"href":"https:\/\/nidaloghouses.com\/fr\/wp-json\/wp\/v2\/product_tag?post=5469"}],"curies":[{"name":"wp","href":"https:\/\/api.w.org\/{rel}","templated":true}]}}