{"id":5456,"date":"2024-02-25T20:41:23","date_gmt":"2024-02-25T20:41:23","guid":{"rendered":"https:\/\/nidaloghouses.com\/product\/foxglove-field\/"},"modified":"2025-06-16T08:15:04","modified_gmt":"2025-06-16T08:15:04","slug":"foxglove-field","status":"publish","type":"product","link":"https:\/\/nidaloghouses.com\/fr\/catalogue\/maisons-en-bois\/foxglove-field\/","title":{"rendered":"Foxglove Field"},"content":{"rendered":"<p>Foxglove Field est une maison en rondins compacte et de taille moyenne, dot\u00e9e d&rsquo;une terrasse spacieuse juste devant l&rsquo;entr\u00e9e. La maison est divis\u00e9e en deux chambres et un espace de vie commun. Compar\u00e9 \u00e0 d&rsquo;autres mod\u00e8les, celui-ci est assez exceptionnel en raison de son toit en pente raide. Ce qui rend cette maison encore plus sp\u00e9ciale, c&rsquo;est son \u00e9tage en mezzanine qui peut \u00eatre exploit\u00e9. Pourquoi ne pas y am\u00e9nager des espaces de couchage, utiliser cet espace pour ranger des affaires ou peut-\u00eatre cr\u00e9er un espace d\u00e9tente pour passer d&rsquo;agr\u00e9ables soir\u00e9es entre amis ?<\/p>\n","protected":false},"excerpt":{"rendered":"<p>Foxglove Field est une maison en rondins compacte et de taille moyenne, dot\u00e9e d&rsquo;une terrasse spacieuse juste devant l&rsquo;entr\u00e9e. La maison est divis\u00e9e en deux chambres et un espace de vie commun.<\/p>\n","protected":false},"featured_media":10247,"template":"","meta":{"_acf_changed":false,"inline_featured_image":false},"location":[],"type-category":[],"product_brand":[],"product_cat":[73],"product_tag":[],"class_list":{"0":"post-5456","1":"product","2":"type-product","3":"status-publish","4":"has-post-thumbnail","6":"product_cat-maisons-en-bois","8":"first","9":"instock","10":"taxable","11":"shipping-taxable","12":"purchasable","13":"product-type-variable"},"acf":[],"_links":{"self":[{"href":"https:\/\/nidaloghouses.com\/fr\/wp-json\/wp\/v2\/product\/5456","targetHints":{"allow":["GET"]}}],"collection":[{"href":"https:\/\/nidaloghouses.com\/fr\/wp-json\/wp\/v2\/product"}],"about":[{"href":"https:\/\/nidaloghouses.com\/fr\/wp-json\/wp\/v2\/types\/product"}],"wp:featuredmedia":[{"embeddable":true,"href":"https:\/\/nidaloghouses.com\/fr\/wp-json\/wp\/v2\/media\/10247"}],"wp:attachment":[{"href":"https:\/\/nidaloghouses.com\/fr\/wp-json\/wp\/v2\/media?parent=5456"}],"wp:term":[{"taxonomy":"location","embeddable":true,"href":"https:\/\/nidaloghouses.com\/fr\/wp-json\/wp\/v2\/location?post=5456"},{"taxonomy":"type-category","embeddable":true,"href":"https:\/\/nidaloghouses.com\/fr\/wp-json\/wp\/v2\/type-category?post=5456"},{"taxonomy":"product_brand","embeddable":true,"href":"https:\/\/nidaloghouses.com\/fr\/wp-json\/wp\/v2\/product_brand?post=5456"},{"taxonomy":"product_cat","embeddable":true,"href":"https:\/\/nidaloghouses.com\/fr\/wp-json\/wp\/v2\/product_cat?post=5456"},{"taxonomy":"product_tag","embeddable":true,"href":"https:\/\/nidaloghouses.com\/fr\/wp-json\/wp\/v2\/product_tag?post=5456"}],"curies":[{"name":"wp","href":"https:\/\/api.w.org\/{rel}","templated":true}]}}