{"id":5443,"date":"2024-02-25T20:47:37","date_gmt":"2024-02-25T20:47:37","guid":{"rendered":"https:\/\/nidaloghouses.com\/product\/lavender-loft\/"},"modified":"2025-06-16T08:19:03","modified_gmt":"2025-06-16T08:19:03","slug":"lavender-loft","status":"publish","type":"product","link":"https:\/\/nidaloghouses.com\/fr\/catalogue\/maisons-en-bois\/lavender-loft\/","title":{"rendered":"Lavender Loft"},"content":{"rendered":"<p>En d\u00e9couvrant pour la premi\u00e8re fois ce mod\u00e8le Lavender Loft, nos clients tombent sous le charme de son magnifique toit en pente raide (inclinaison de 36 degr\u00e9s). Avec une surface habitable de seulement 33 m\u00b2, cette maison en bois semble \u00e9tonnamment spacieuse \u00e0 l&rsquo;int\u00e9rieur et offre deux chambres s\u00e9par\u00e9es et un salon principal. Sept fen\u00eatres r\u00e9parties sur chaque c\u00f4t\u00e9 du b\u00e2timent rendent l&rsquo;int\u00e9rieur de la maison tr\u00e8s lumineux et confortable. Il y a \u00e9galement une mezzanine qui peut \u00eatre am\u00e9nag\u00e9e en chambre, en espace de rangement ou simplement en salon confortable pour passer d&rsquo;agr\u00e9ables soir\u00e9es entre amis.<\/p>\n","protected":false},"excerpt":{"rendered":"<p>Avec une surface habitable de seulement 33 m\u00b2, la maison en bois Lavender Loft semble \u00e9tonnamment spacieuse \u00e0 l&rsquo;int\u00e9rieur et offre deux chambres s\u00e9par\u00e9es et un salon principal.<\/p>\n","protected":false},"featured_media":10260,"template":"","meta":{"_acf_changed":false,"inline_featured_image":false},"location":[],"type-category":[],"product_brand":[],"product_cat":[73],"product_tag":[],"class_list":{"0":"post-5443","1":"product","2":"type-product","3":"status-publish","4":"has-post-thumbnail","6":"product_cat-maisons-en-bois","8":"first","9":"instock","10":"taxable","11":"shipping-taxable","12":"purchasable","13":"product-type-variable"},"acf":[],"_links":{"self":[{"href":"https:\/\/nidaloghouses.com\/fr\/wp-json\/wp\/v2\/product\/5443","targetHints":{"allow":["GET"]}}],"collection":[{"href":"https:\/\/nidaloghouses.com\/fr\/wp-json\/wp\/v2\/product"}],"about":[{"href":"https:\/\/nidaloghouses.com\/fr\/wp-json\/wp\/v2\/types\/product"}],"wp:featuredmedia":[{"embeddable":true,"href":"https:\/\/nidaloghouses.com\/fr\/wp-json\/wp\/v2\/media\/10260"}],"wp:attachment":[{"href":"https:\/\/nidaloghouses.com\/fr\/wp-json\/wp\/v2\/media?parent=5443"}],"wp:term":[{"taxonomy":"location","embeddable":true,"href":"https:\/\/nidaloghouses.com\/fr\/wp-json\/wp\/v2\/location?post=5443"},{"taxonomy":"type-category","embeddable":true,"href":"https:\/\/nidaloghouses.com\/fr\/wp-json\/wp\/v2\/type-category?post=5443"},{"taxonomy":"product_brand","embeddable":true,"href":"https:\/\/nidaloghouses.com\/fr\/wp-json\/wp\/v2\/product_brand?post=5443"},{"taxonomy":"product_cat","embeddable":true,"href":"https:\/\/nidaloghouses.com\/fr\/wp-json\/wp\/v2\/product_cat?post=5443"},{"taxonomy":"product_tag","embeddable":true,"href":"https:\/\/nidaloghouses.com\/fr\/wp-json\/wp\/v2\/product_tag?post=5443"}],"curies":[{"name":"wp","href":"https:\/\/api.w.org\/{rel}","templated":true}]}}