{"id":5435,"date":"2024-02-25T20:52:53","date_gmt":"2024-02-25T20:52:53","guid":{"rendered":"https:\/\/nidaloghouses.com\/product\/poplar-hideaway\/"},"modified":"2025-06-16T08:22:16","modified_gmt":"2025-06-16T08:22:16","slug":"poplar-hideaway","status":"publish","type":"product","link":"https:\/\/nidaloghouses.com\/fr\/catalogue\/maisons-residentielles-en-bois\/poplar-hideaway\/","title":{"rendered":"Poplar Hideaway"},"content":{"rendered":"<p>Poplar Hideaway est tout simplement un refuge id\u00e9al. Cette maison en bois de 70 m\u00b2 est lumineuse, spacieuse et confortable. Mais ce n&rsquo;est pas tout : ce mod\u00e8le dispose \u00e9galement de la grande terrasse dont vous r\u00eavez. Avec suffisamment d&rsquo;espace pour installer des meubles d&rsquo;ext\u00e9rieur, vous pourrez profiter d&rsquo;une vue imprenable sur le paysage environnant et vous pr\u00e9lasser au soleil tout en d\u00e9gustant une tasse de caf\u00e9 ou en lisant un livre.<\/p>\n","protected":false},"excerpt":{"rendered":"<p>Poplar Hideaway est tout simplement un refuge id\u00e9al. Cette maison en bois de 70 m\u00b2 est lumineuse, spacieuse et confortable.<\/p>\n","protected":false},"featured_media":10275,"template":"","meta":{"_acf_changed":false,"inline_featured_image":false},"location":[],"type-category":[],"product_brand":[],"product_cat":[79],"product_tag":[],"class_list":{"0":"post-5435","1":"product","2":"type-product","3":"status-publish","4":"has-post-thumbnail","6":"product_cat-maisons-residentielles-en-bois","8":"first","9":"instock","10":"taxable","11":"shipping-taxable","12":"purchasable","13":"product-type-variable"},"acf":[],"_links":{"self":[{"href":"https:\/\/nidaloghouses.com\/fr\/wp-json\/wp\/v2\/product\/5435","targetHints":{"allow":["GET"]}}],"collection":[{"href":"https:\/\/nidaloghouses.com\/fr\/wp-json\/wp\/v2\/product"}],"about":[{"href":"https:\/\/nidaloghouses.com\/fr\/wp-json\/wp\/v2\/types\/product"}],"wp:featuredmedia":[{"embeddable":true,"href":"https:\/\/nidaloghouses.com\/fr\/wp-json\/wp\/v2\/media\/10275"}],"wp:attachment":[{"href":"https:\/\/nidaloghouses.com\/fr\/wp-json\/wp\/v2\/media?parent=5435"}],"wp:term":[{"taxonomy":"location","embeddable":true,"href":"https:\/\/nidaloghouses.com\/fr\/wp-json\/wp\/v2\/location?post=5435"},{"taxonomy":"type-category","embeddable":true,"href":"https:\/\/nidaloghouses.com\/fr\/wp-json\/wp\/v2\/type-category?post=5435"},{"taxonomy":"product_brand","embeddable":true,"href":"https:\/\/nidaloghouses.com\/fr\/wp-json\/wp\/v2\/product_brand?post=5435"},{"taxonomy":"product_cat","embeddable":true,"href":"https:\/\/nidaloghouses.com\/fr\/wp-json\/wp\/v2\/product_cat?post=5435"},{"taxonomy":"product_tag","embeddable":true,"href":"https:\/\/nidaloghouses.com\/fr\/wp-json\/wp\/v2\/product_tag?post=5435"}],"curies":[{"name":"wp","href":"https:\/\/api.w.org\/{rel}","templated":true}]}}