{"id":5427,"date":"2024-02-25T20:56:03","date_gmt":"2024-02-25T20:56:03","guid":{"rendered":"https:\/\/nidaloghouses.com\/product\/jasmine-harmony\/"},"modified":"2025-06-16T07:27:13","modified_gmt":"2025-06-16T07:27:13","slug":"jasmine-harmony","status":"publish","type":"product","link":"https:\/\/nidaloghouses.com\/fr\/catalogue\/maisons-residentielles-en-bois\/jasmine-harmony\/","title":{"rendered":"Jasmine Harmony"},"content":{"rendered":"<p>Que vous souhaitiez vous d\u00e9tendre et vous ressourcer ou profiter d&rsquo;un cadre de qualit\u00e9, Jasmine Harmony est l&rsquo;endroit id\u00e9al. Les fen\u00eatres sont strat\u00e9giquement positionn\u00e9es pour vous permettre de profiter pleinement de la beaut\u00e9 des environs. L&rsquo;int\u00e9rieur de la maison en bois Jasmine Harmony offre une surface habitable de 63 m\u00b2 et dispose de pi\u00e8ces spacieuses.<\/p>\n","protected":false},"excerpt":{"rendered":"<p>L&rsquo;int\u00e9rieur spacieux de la maison en bois Jasmine Harmony offre une surface habitable de 63 m\u00b2 et dispose de nombreuses pi\u00e8ces, avec beaucoup d&rsquo;espace pour la famille et les amis.<\/p>\n","protected":false},"featured_media":10292,"template":"","meta":{"_acf_changed":false,"inline_featured_image":false},"location":[],"type-category":[],"product_brand":[],"product_cat":[79],"product_tag":[],"class_list":{"0":"post-5427","1":"product","2":"type-product","3":"status-publish","4":"has-post-thumbnail","6":"product_cat-maisons-residentielles-en-bois","8":"first","9":"instock","10":"taxable","11":"shipping-taxable","12":"purchasable","13":"product-type-variable"},"acf":[],"_links":{"self":[{"href":"https:\/\/nidaloghouses.com\/fr\/wp-json\/wp\/v2\/product\/5427","targetHints":{"allow":["GET"]}}],"collection":[{"href":"https:\/\/nidaloghouses.com\/fr\/wp-json\/wp\/v2\/product"}],"about":[{"href":"https:\/\/nidaloghouses.com\/fr\/wp-json\/wp\/v2\/types\/product"}],"wp:featuredmedia":[{"embeddable":true,"href":"https:\/\/nidaloghouses.com\/fr\/wp-json\/wp\/v2\/media\/10292"}],"wp:attachment":[{"href":"https:\/\/nidaloghouses.com\/fr\/wp-json\/wp\/v2\/media?parent=5427"}],"wp:term":[{"taxonomy":"location","embeddable":true,"href":"https:\/\/nidaloghouses.com\/fr\/wp-json\/wp\/v2\/location?post=5427"},{"taxonomy":"type-category","embeddable":true,"href":"https:\/\/nidaloghouses.com\/fr\/wp-json\/wp\/v2\/type-category?post=5427"},{"taxonomy":"product_brand","embeddable":true,"href":"https:\/\/nidaloghouses.com\/fr\/wp-json\/wp\/v2\/product_brand?post=5427"},{"taxonomy":"product_cat","embeddable":true,"href":"https:\/\/nidaloghouses.com\/fr\/wp-json\/wp\/v2\/product_cat?post=5427"},{"taxonomy":"product_tag","embeddable":true,"href":"https:\/\/nidaloghouses.com\/fr\/wp-json\/wp\/v2\/product_tag?post=5427"}],"curies":[{"name":"wp","href":"https:\/\/api.w.org\/{rel}","templated":true}]}}