{"id":5409,"date":"2024-02-25T21:02:53","date_gmt":"2024-02-25T21:02:53","guid":{"rendered":"https:\/\/nidaloghouses.com\/product\/huckleberry-point\/"},"modified":"2025-06-16T07:19:25","modified_gmt":"2025-06-16T07:19:25","slug":"huckleberry-point","status":"publish","type":"product","link":"https:\/\/nidaloghouses.com\/fr\/catalogue\/maisons-residentielles-en-bois\/huckleberry-point\/","title":{"rendered":"Huckleberry Point"},"content":{"rendered":"<p>Ce mod\u00e8le de maison en bois de six pi\u00e8ces a \u00e9t\u00e9 con\u00e7u pour d\u00e9passer vos attentes. En entrant dans cette magnifique propri\u00e9t\u00e9 de Huckleberry Point, vous serez \u00e9merveill\u00e9 par la lumi\u00e8re naturelle qui inonde l&rsquo;espace, cr\u00e9ant une atmosph\u00e8re chaleureuse et accueillante. Les immenses fen\u00eatres et les 78 m\u00b2 de surface habitable transforment cette maison en un lieu magique. La charmante terrasse est tout ce dont vous avez besoin pour profiter de votre escapade.<\/p>\n","protected":false},"excerpt":{"rendered":"<p>n entrant dans cette maison en bois Huckleberry Point, vous serez \u00e9merveill\u00e9 par la lumi\u00e8re naturelle qui inonde l&rsquo;espace, cr\u00e9ant une atmosph\u00e8re chaleureuse et accueillante. Les immenses fen\u00eatres et les 78 m\u00b2 de surface habitable transforment la maison en un lieu magique. <\/p>\n","protected":false},"featured_media":10316,"template":"","meta":{"_acf_changed":false,"inline_featured_image":false},"location":[],"type-category":[],"product_brand":[],"product_cat":[79],"product_tag":[],"class_list":{"0":"post-5409","1":"product","2":"type-product","3":"status-publish","4":"has-post-thumbnail","6":"product_cat-maisons-residentielles-en-bois","8":"first","9":"instock","10":"taxable","11":"shipping-taxable","12":"purchasable","13":"product-type-variable"},"acf":[],"_links":{"self":[{"href":"https:\/\/nidaloghouses.com\/fr\/wp-json\/wp\/v2\/product\/5409","targetHints":{"allow":["GET"]}}],"collection":[{"href":"https:\/\/nidaloghouses.com\/fr\/wp-json\/wp\/v2\/product"}],"about":[{"href":"https:\/\/nidaloghouses.com\/fr\/wp-json\/wp\/v2\/types\/product"}],"wp:featuredmedia":[{"embeddable":true,"href":"https:\/\/nidaloghouses.com\/fr\/wp-json\/wp\/v2\/media\/10316"}],"wp:attachment":[{"href":"https:\/\/nidaloghouses.com\/fr\/wp-json\/wp\/v2\/media?parent=5409"}],"wp:term":[{"taxonomy":"location","embeddable":true,"href":"https:\/\/nidaloghouses.com\/fr\/wp-json\/wp\/v2\/location?post=5409"},{"taxonomy":"type-category","embeddable":true,"href":"https:\/\/nidaloghouses.com\/fr\/wp-json\/wp\/v2\/type-category?post=5409"},{"taxonomy":"product_brand","embeddable":true,"href":"https:\/\/nidaloghouses.com\/fr\/wp-json\/wp\/v2\/product_brand?post=5409"},{"taxonomy":"product_cat","embeddable":true,"href":"https:\/\/nidaloghouses.com\/fr\/wp-json\/wp\/v2\/product_cat?post=5409"},{"taxonomy":"product_tag","embeddable":true,"href":"https:\/\/nidaloghouses.com\/fr\/wp-json\/wp\/v2\/product_tag?post=5409"}],"curies":[{"name":"wp","href":"https:\/\/api.w.org\/{rel}","templated":true}]}}