{"id":5401,"date":"2024-02-25T21:05:11","date_gmt":"2024-02-25T21:05:11","guid":{"rendered":"https:\/\/nidaloghouses.com\/product\/sunflower-suite\/"},"modified":"2025-06-16T07:14:22","modified_gmt":"2025-06-16T07:14:22","slug":"sunflower-suite","status":"publish","type":"product","link":"https:\/\/nidaloghouses.com\/fr\/catalogue\/maisons-residentielles-en-bois\/sunflower-suite\/","title":{"rendered":"Sunflower Suite"},"content":{"rendered":"<p>Entrez dans un univers de beaut\u00e9 intemporelle et de tranquillit\u00e9. Notre maison r\u00e9sidentielle en bois Sunflower Suite est con\u00e7ue pour \u00e9voquer un sentiment d&rsquo;harmonie avec la nature. D&rsquo;une superficie de 58 m\u00b2, elle est agr\u00e9ment\u00e9e d&rsquo;un porche accueillant qui vous invite \u00e0 profiter de la douce brise et \u00e0 appr\u00e9cier le savoir-faire artistique de sa construction. Chaque instant y devient un souvenir pr\u00e9cieux.<\/p>\n","protected":false},"excerpt":{"rendered":"<p>Notre maison r\u00e9sidentielle en bois Sunflower Suite est con\u00e7ue pour \u00e9voquer un sentiment d&rsquo;harmonie avec la nature. <\/p>\n","protected":false},"featured_media":10328,"template":"","meta":{"_acf_changed":false,"inline_featured_image":false},"location":[],"type-category":[],"product_brand":[],"product_cat":[79],"product_tag":[],"class_list":{"0":"post-5401","1":"product","2":"type-product","3":"status-publish","4":"has-post-thumbnail","6":"product_cat-maisons-residentielles-en-bois","8":"first","9":"instock","10":"taxable","11":"shipping-taxable","12":"purchasable","13":"product-type-variable"},"acf":[],"_links":{"self":[{"href":"https:\/\/nidaloghouses.com\/fr\/wp-json\/wp\/v2\/product\/5401","targetHints":{"allow":["GET"]}}],"collection":[{"href":"https:\/\/nidaloghouses.com\/fr\/wp-json\/wp\/v2\/product"}],"about":[{"href":"https:\/\/nidaloghouses.com\/fr\/wp-json\/wp\/v2\/types\/product"}],"wp:featuredmedia":[{"embeddable":true,"href":"https:\/\/nidaloghouses.com\/fr\/wp-json\/wp\/v2\/media\/10328"}],"wp:attachment":[{"href":"https:\/\/nidaloghouses.com\/fr\/wp-json\/wp\/v2\/media?parent=5401"}],"wp:term":[{"taxonomy":"location","embeddable":true,"href":"https:\/\/nidaloghouses.com\/fr\/wp-json\/wp\/v2\/location?post=5401"},{"taxonomy":"type-category","embeddable":true,"href":"https:\/\/nidaloghouses.com\/fr\/wp-json\/wp\/v2\/type-category?post=5401"},{"taxonomy":"product_brand","embeddable":true,"href":"https:\/\/nidaloghouses.com\/fr\/wp-json\/wp\/v2\/product_brand?post=5401"},{"taxonomy":"product_cat","embeddable":true,"href":"https:\/\/nidaloghouses.com\/fr\/wp-json\/wp\/v2\/product_cat?post=5401"},{"taxonomy":"product_tag","embeddable":true,"href":"https:\/\/nidaloghouses.com\/fr\/wp-json\/wp\/v2\/product_tag?post=5401"}],"curies":[{"name":"wp","href":"https:\/\/api.w.org\/{rel}","templated":true}]}}