{"id":5393,"date":"2024-02-25T21:07:19","date_gmt":"2024-02-25T21:07:19","guid":{"rendered":"https:\/\/nidaloghouses.com\/product\/elderberry-estate\/"},"modified":"2025-06-16T07:11:24","modified_gmt":"2025-06-16T07:11:24","slug":"elderberry-estate","status":"publish","type":"product","link":"https:\/\/nidaloghouses.com\/fr\/catalogue\/maisons-residentielles-en-bois\/elderberry-estate\/","title":{"rendered":"Elderberry Estate"},"content":{"rendered":"<p>La vie dans une maison en bois, c&rsquo;est avant tout profiter de la nature et du grand air. Dans notre maison en bois Elderberry Estate, d&rsquo;une surface habitable de 61 m\u00b2, vous trouverez tout ce dont vous avez besoin. De grandes fen\u00eatres laissent entrer la lumi\u00e8re et une immense terrasse vous permet de profiter des soir\u00e9es en famille ou entre amis. Et avec six chambres, tout le monde peut \u00eatre log\u00e9.<\/p>\n","protected":false},"excerpt":{"rendered":"<p>Dans notre maison en bois Elderberry Estate, d&rsquo;une surface habitable de 61 m\u00b2, vous trouverez tout ce dont vous avez besoin.<\/p>\n","protected":false},"featured_media":10340,"template":"","meta":{"_acf_changed":false,"inline_featured_image":false},"location":[],"type-category":[],"product_brand":[],"product_cat":[79],"product_tag":[],"class_list":{"0":"post-5393","1":"product","2":"type-product","3":"status-publish","4":"has-post-thumbnail","6":"product_cat-maisons-residentielles-en-bois","8":"first","9":"instock","10":"taxable","11":"shipping-taxable","12":"purchasable","13":"product-type-variable"},"acf":[],"_links":{"self":[{"href":"https:\/\/nidaloghouses.com\/fr\/wp-json\/wp\/v2\/product\/5393","targetHints":{"allow":["GET"]}}],"collection":[{"href":"https:\/\/nidaloghouses.com\/fr\/wp-json\/wp\/v2\/product"}],"about":[{"href":"https:\/\/nidaloghouses.com\/fr\/wp-json\/wp\/v2\/types\/product"}],"wp:featuredmedia":[{"embeddable":true,"href":"https:\/\/nidaloghouses.com\/fr\/wp-json\/wp\/v2\/media\/10340"}],"wp:attachment":[{"href":"https:\/\/nidaloghouses.com\/fr\/wp-json\/wp\/v2\/media?parent=5393"}],"wp:term":[{"taxonomy":"location","embeddable":true,"href":"https:\/\/nidaloghouses.com\/fr\/wp-json\/wp\/v2\/location?post=5393"},{"taxonomy":"type-category","embeddable":true,"href":"https:\/\/nidaloghouses.com\/fr\/wp-json\/wp\/v2\/type-category?post=5393"},{"taxonomy":"product_brand","embeddable":true,"href":"https:\/\/nidaloghouses.com\/fr\/wp-json\/wp\/v2\/product_brand?post=5393"},{"taxonomy":"product_cat","embeddable":true,"href":"https:\/\/nidaloghouses.com\/fr\/wp-json\/wp\/v2\/product_cat?post=5393"},{"taxonomy":"product_tag","embeddable":true,"href":"https:\/\/nidaloghouses.com\/fr\/wp-json\/wp\/v2\/product_tag?post=5393"}],"curies":[{"name":"wp","href":"https:\/\/api.w.org\/{rel}","templated":true}]}}