{"id":5385,"date":"2024-02-25T21:10:16","date_gmt":"2024-02-25T21:10:16","guid":{"rendered":"https:\/\/nidaloghouses.com\/product\/yew-yard\/"},"modified":"2025-06-16T07:07:25","modified_gmt":"2025-06-16T07:07:25","slug":"yew-yard","status":"publish","type":"product","link":"https:\/\/nidaloghouses.com\/fr\/catalogue\/maisons-residentielles-en-bois\/yew-yard\/","title":{"rendered":"Yew Yard"},"content":{"rendered":"<p>Cette splendide maison r\u00e9sidentielle en bois Yew Yard r\u00e9pond \u00e0 toutes les attentes d&rsquo;une maison de loisirs, avec notamment un salon spacieux avec cuisine, des chambres s\u00e9par\u00e9es pratiques et une v\u00e9randa couverte. Avec une surface habitable de 118 m\u00b2, Yew Yard offre un cadre id\u00e9al pour la vie quotidienne. Que ce soit pour une escapade paisible ou un lieu de rassemblement pour vos proches, cette maison offre le cadre parfait pour des exp\u00e9riences inoubliables.<\/p>\n","protected":false},"excerpt":{"rendered":"<p>Cette splendide maison r\u00e9sidentielle en bois Yew Yard r\u00e9pond \u00e0 toutes les attentes d&rsquo;une maison de loisirs, avec notamment un salon spacieux avec cuisine, des chambres s\u00e9par\u00e9es pratiques et une v\u00e9randa couverte.<\/p>\n","protected":false},"featured_media":10352,"template":"","meta":{"_acf_changed":false,"inline_featured_image":false},"location":[],"type-category":[],"product_brand":[],"product_cat":[79],"product_tag":[],"class_list":{"0":"post-5385","1":"product","2":"type-product","3":"status-publish","4":"has-post-thumbnail","6":"product_cat-maisons-residentielles-en-bois","8":"first","9":"instock","10":"taxable","11":"shipping-taxable","12":"purchasable","13":"product-type-variable"},"acf":[],"_links":{"self":[{"href":"https:\/\/nidaloghouses.com\/fr\/wp-json\/wp\/v2\/product\/5385","targetHints":{"allow":["GET"]}}],"collection":[{"href":"https:\/\/nidaloghouses.com\/fr\/wp-json\/wp\/v2\/product"}],"about":[{"href":"https:\/\/nidaloghouses.com\/fr\/wp-json\/wp\/v2\/types\/product"}],"wp:featuredmedia":[{"embeddable":true,"href":"https:\/\/nidaloghouses.com\/fr\/wp-json\/wp\/v2\/media\/10352"}],"wp:attachment":[{"href":"https:\/\/nidaloghouses.com\/fr\/wp-json\/wp\/v2\/media?parent=5385"}],"wp:term":[{"taxonomy":"location","embeddable":true,"href":"https:\/\/nidaloghouses.com\/fr\/wp-json\/wp\/v2\/location?post=5385"},{"taxonomy":"type-category","embeddable":true,"href":"https:\/\/nidaloghouses.com\/fr\/wp-json\/wp\/v2\/type-category?post=5385"},{"taxonomy":"product_brand","embeddable":true,"href":"https:\/\/nidaloghouses.com\/fr\/wp-json\/wp\/v2\/product_brand?post=5385"},{"taxonomy":"product_cat","embeddable":true,"href":"https:\/\/nidaloghouses.com\/fr\/wp-json\/wp\/v2\/product_cat?post=5385"},{"taxonomy":"product_tag","embeddable":true,"href":"https:\/\/nidaloghouses.com\/fr\/wp-json\/wp\/v2\/product_tag?post=5385"}],"curies":[{"name":"wp","href":"https:\/\/api.w.org\/{rel}","templated":true}]}}