{"id":5377,"date":"2024-02-25T21:13:29","date_gmt":"2024-02-25T21:13:29","guid":{"rendered":"https:\/\/nidaloghouses.com\/product\/juniper-jetty\/"},"modified":"2025-06-16T07:03:25","modified_gmt":"2025-06-16T07:03:25","slug":"juniper-jetty","status":"publish","type":"product","link":"https:\/\/nidaloghouses.com\/fr\/catalogue\/maisons-residentielles-en-bois\/juniper-jetty\/","title":{"rendered":"Juniper Jetty"},"content":{"rendered":"<p>Cette magnifique maison r\u00e9sidentielle en bois, Juniper Jetty, offre un espace g\u00e9n\u00e9reux et des pi\u00e8ces spacieuses pouvant accueillir confortablement une famille ou un groupe de personnes, ce qui en fait la destination id\u00e9ale pour vos escapades r\u00e9guli\u00e8res. Les 83 m\u00b2 de surface habitable de la maison sont agenc\u00e9s de mani\u00e8re pratique afin que vous puissiez profiter d&rsquo;une harmonie parfaite entre confort et nature dans votre propre refuge en rondins.<\/p>\n","protected":false},"excerpt":{"rendered":"<p>Cette magnifique maison r\u00e9sidentielle en bois, Juniper Jetty, offre un espace g\u00e9n\u00e9reux et des pi\u00e8ces spacieuses pouvant accueillir confortablement une famille ou un groupe de personnes, ce qui en fait la destination id\u00e9ale pour vos escapades r\u00e9guli\u00e8res. Les 83 m\u00b2 de surface habitable de la maison sont agenc\u00e9s de mani\u00e8re pratique afin que vous puissiez profiter d&rsquo;une harmonie parfaite entre confort et nature dans votre propre refuge en rondins.<\/p>\n","protected":false},"featured_media":10364,"template":"","meta":{"_acf_changed":false,"inline_featured_image":false},"location":[],"type-category":[],"product_brand":[],"product_cat":[79],"product_tag":[],"class_list":{"0":"post-5377","1":"product","2":"type-product","3":"status-publish","4":"has-post-thumbnail","6":"product_cat-maisons-residentielles-en-bois","8":"first","9":"instock","10":"taxable","11":"shipping-taxable","12":"purchasable","13":"product-type-variable"},"acf":[],"_links":{"self":[{"href":"https:\/\/nidaloghouses.com\/fr\/wp-json\/wp\/v2\/product\/5377","targetHints":{"allow":["GET"]}}],"collection":[{"href":"https:\/\/nidaloghouses.com\/fr\/wp-json\/wp\/v2\/product"}],"about":[{"href":"https:\/\/nidaloghouses.com\/fr\/wp-json\/wp\/v2\/types\/product"}],"wp:featuredmedia":[{"embeddable":true,"href":"https:\/\/nidaloghouses.com\/fr\/wp-json\/wp\/v2\/media\/10364"}],"wp:attachment":[{"href":"https:\/\/nidaloghouses.com\/fr\/wp-json\/wp\/v2\/media?parent=5377"}],"wp:term":[{"taxonomy":"location","embeddable":true,"href":"https:\/\/nidaloghouses.com\/fr\/wp-json\/wp\/v2\/location?post=5377"},{"taxonomy":"type-category","embeddable":true,"href":"https:\/\/nidaloghouses.com\/fr\/wp-json\/wp\/v2\/type-category?post=5377"},{"taxonomy":"product_brand","embeddable":true,"href":"https:\/\/nidaloghouses.com\/fr\/wp-json\/wp\/v2\/product_brand?post=5377"},{"taxonomy":"product_cat","embeddable":true,"href":"https:\/\/nidaloghouses.com\/fr\/wp-json\/wp\/v2\/product_cat?post=5377"},{"taxonomy":"product_tag","embeddable":true,"href":"https:\/\/nidaloghouses.com\/fr\/wp-json\/wp\/v2\/product_tag?post=5377"}],"curies":[{"name":"wp","href":"https:\/\/api.w.org\/{rel}","templated":true}]}}