{"id":5368,"date":"2024-02-25T21:16:12","date_gmt":"2024-02-25T21:16:12","guid":{"rendered":"https:\/\/nidaloghouses.com\/product\/starlight-shore\/"},"modified":"2025-06-16T06:59:25","modified_gmt":"2025-06-16T06:59:25","slug":"starlight-shore","status":"publish","type":"product","link":"https:\/\/nidaloghouses.com\/fr\/catalogue\/maisons-en-bois\/starlight-shore\/","title":{"rendered":"Starlight Shore"},"content":{"rendered":"<p>Quoi de plus agr\u00e9able que de commencer la journ\u00e9e avec une tasse de th\u00e9 ou de caf\u00e9 dans votre propre maison en bois ? Charmante, la maison Starlight Shore, avec ses 27 m\u00b2 habitables, est le choix id\u00e9al pour vos escapades r\u00e9guli\u00e8res. La jolie v\u00e9randa et le toit en pente rendent cette maison en bois exceptionnelle. C&rsquo;est l&rsquo;endroit id\u00e9al pour se d\u00e9tendre, se relaxer et cr\u00e9er des souvenirs inoubliables.<\/p>\n","protected":false},"excerpt":{"rendered":"<p>Charmante maison en bois Starlight Shore avec une surface habitable de 27 m\u00b2 est un choix id\u00e9al pour des escapades r\u00e9guli\u00e8res.<\/p>\n","protected":false},"featured_media":10376,"template":"","meta":{"_acf_changed":false,"inline_featured_image":false},"location":[],"type-category":[],"product_brand":[],"product_cat":[73],"product_tag":[],"class_list":{"0":"post-5368","1":"product","2":"type-product","3":"status-publish","4":"has-post-thumbnail","6":"product_cat-maisons-en-bois","8":"first","9":"instock","10":"taxable","11":"shipping-taxable","12":"purchasable","13":"product-type-variable"},"acf":[],"_links":{"self":[{"href":"https:\/\/nidaloghouses.com\/fr\/wp-json\/wp\/v2\/product\/5368","targetHints":{"allow":["GET"]}}],"collection":[{"href":"https:\/\/nidaloghouses.com\/fr\/wp-json\/wp\/v2\/product"}],"about":[{"href":"https:\/\/nidaloghouses.com\/fr\/wp-json\/wp\/v2\/types\/product"}],"wp:featuredmedia":[{"embeddable":true,"href":"https:\/\/nidaloghouses.com\/fr\/wp-json\/wp\/v2\/media\/10376"}],"wp:attachment":[{"href":"https:\/\/nidaloghouses.com\/fr\/wp-json\/wp\/v2\/media?parent=5368"}],"wp:term":[{"taxonomy":"location","embeddable":true,"href":"https:\/\/nidaloghouses.com\/fr\/wp-json\/wp\/v2\/location?post=5368"},{"taxonomy":"type-category","embeddable":true,"href":"https:\/\/nidaloghouses.com\/fr\/wp-json\/wp\/v2\/type-category?post=5368"},{"taxonomy":"product_brand","embeddable":true,"href":"https:\/\/nidaloghouses.com\/fr\/wp-json\/wp\/v2\/product_brand?post=5368"},{"taxonomy":"product_cat","embeddable":true,"href":"https:\/\/nidaloghouses.com\/fr\/wp-json\/wp\/v2\/product_cat?post=5368"},{"taxonomy":"product_tag","embeddable":true,"href":"https:\/\/nidaloghouses.com\/fr\/wp-json\/wp\/v2\/product_tag?post=5368"}],"curies":[{"name":"wp","href":"https:\/\/api.w.org\/{rel}","templated":true}]}}