{"id":5360,"date":"2024-02-25T21:18:17","date_gmt":"2024-02-25T21:18:17","guid":{"rendered":"https:\/\/nidaloghouses.com\/product\/thunder-trail\/"},"modified":"2025-06-16T06:55:47","modified_gmt":"2025-06-16T06:55:47","slug":"thunder-trail","status":"publish","type":"product","link":"https:\/\/nidaloghouses.com\/fr\/catalogue\/maisons-residentielles-en-bois\/thunder-trail\/","title":{"rendered":"Thunder Trail"},"content":{"rendered":"<p>Thunder Trail offre suffisamment d&rsquo;espace pour que votre famille ou vos amis puissent se d\u00e9tendre et renouer avec la nature. Avec une surface habitable tr\u00e8s g\u00e9n\u00e9reuse de 66 m\u00b2, cette maison en bois confortable est un r\u00eave devenu r\u00e9alit\u00e9 pour ceux qui recherchent une maison en rondins confortable de 5 pi\u00e8ces. L&rsquo;am\u00e9nagement int\u00e9rieur a \u00e9t\u00e9 m\u00e9ticuleusement con\u00e7u pour cr\u00e9er une harmonie parfaite entre la d\u00e9tente et l&rsquo;environnement naturel, offrant ainsi une belle qualit\u00e9 de vie.<\/p>\n","protected":false},"excerpt":{"rendered":"<p>Thunder Trail offre suffisamment d&rsquo;espace pour que votre famille ou vos amis puissent se d\u00e9tendre et renouer avec la nature. Avec une surface habitable tr\u00e8s g\u00e9n\u00e9reuse de 66 m\u00b2, cette maison en bois confortable est un r\u00eave devenu r\u00e9alit\u00e9 pour ceux qui recherchent une maison en rondins confortable de 5 pi\u00e8ces.<\/p>\n","protected":false},"featured_media":10391,"template":"","meta":{"_acf_changed":false,"inline_featured_image":false},"location":[],"type-category":[],"product_brand":[],"product_cat":[79],"product_tag":[],"class_list":{"0":"post-5360","1":"product","2":"type-product","3":"status-publish","4":"has-post-thumbnail","6":"product_cat-maisons-residentielles-en-bois","8":"first","9":"instock","10":"taxable","11":"shipping-taxable","12":"purchasable","13":"product-type-variable"},"acf":[],"_links":{"self":[{"href":"https:\/\/nidaloghouses.com\/fr\/wp-json\/wp\/v2\/product\/5360","targetHints":{"allow":["GET"]}}],"collection":[{"href":"https:\/\/nidaloghouses.com\/fr\/wp-json\/wp\/v2\/product"}],"about":[{"href":"https:\/\/nidaloghouses.com\/fr\/wp-json\/wp\/v2\/types\/product"}],"wp:featuredmedia":[{"embeddable":true,"href":"https:\/\/nidaloghouses.com\/fr\/wp-json\/wp\/v2\/media\/10391"}],"wp:attachment":[{"href":"https:\/\/nidaloghouses.com\/fr\/wp-json\/wp\/v2\/media?parent=5360"}],"wp:term":[{"taxonomy":"location","embeddable":true,"href":"https:\/\/nidaloghouses.com\/fr\/wp-json\/wp\/v2\/location?post=5360"},{"taxonomy":"type-category","embeddable":true,"href":"https:\/\/nidaloghouses.com\/fr\/wp-json\/wp\/v2\/type-category?post=5360"},{"taxonomy":"product_brand","embeddable":true,"href":"https:\/\/nidaloghouses.com\/fr\/wp-json\/wp\/v2\/product_brand?post=5360"},{"taxonomy":"product_cat","embeddable":true,"href":"https:\/\/nidaloghouses.com\/fr\/wp-json\/wp\/v2\/product_cat?post=5360"},{"taxonomy":"product_tag","embeddable":true,"href":"https:\/\/nidaloghouses.com\/fr\/wp-json\/wp\/v2\/product_tag?post=5360"}],"curies":[{"name":"wp","href":"https:\/\/api.w.org\/{rel}","templated":true}]}}