{"id":5352,"date":"2024-02-25T21:21:52","date_gmt":"2024-02-25T21:21:52","guid":{"rendered":"https:\/\/nidaloghouses.com\/product\/river-retreat\/"},"modified":"2025-06-16T06:54:55","modified_gmt":"2025-06-16T06:54:55","slug":"river-retreat","status":"publish","type":"product","link":"https:\/\/nidaloghouses.com\/fr\/catalogue\/maisons-residentielles-en-bois\/river-retreat\/","title":{"rendered":"River Retreat"},"content":{"rendered":"<p>Vous recherchez un refuge confortable, id\u00e9al pour vos escapades r\u00e9guli\u00e8res ? Notre charmante maison en bois River Retreat offre un espace de vie g\u00e9n\u00e9reux, pouvant accueillir confortablement une famille ou un groupe de personnes, ce qui en fait le refuge ultime pour votre prochaine retraite. Avec plus de 78 m\u00b2 de surface habitable, elle a \u00e9t\u00e9 soigneusement con\u00e7ue pour allier harmonieusement confort et beaut\u00e9 de la nature.<\/p>\n","protected":false},"excerpt":{"rendered":"<p>Notre charmante maison en bois River Retreat offre un espace de vie g\u00e9n\u00e9reux, pouvant accueillir confortablement une famille ou un groupe de personnes, ce qui en fait le refuge ultime pour votre prochaine retraite.<\/p>\n","protected":false},"featured_media":10407,"template":"","meta":{"_acf_changed":false,"inline_featured_image":false},"location":[],"type-category":[],"product_brand":[],"product_cat":[79],"product_tag":[],"class_list":{"0":"post-5352","1":"product","2":"type-product","3":"status-publish","4":"has-post-thumbnail","6":"product_cat-maisons-residentielles-en-bois","8":"first","9":"instock","10":"taxable","11":"shipping-taxable","12":"purchasable","13":"product-type-variable"},"acf":[],"_links":{"self":[{"href":"https:\/\/nidaloghouses.com\/fr\/wp-json\/wp\/v2\/product\/5352","targetHints":{"allow":["GET"]}}],"collection":[{"href":"https:\/\/nidaloghouses.com\/fr\/wp-json\/wp\/v2\/product"}],"about":[{"href":"https:\/\/nidaloghouses.com\/fr\/wp-json\/wp\/v2\/types\/product"}],"wp:featuredmedia":[{"embeddable":true,"href":"https:\/\/nidaloghouses.com\/fr\/wp-json\/wp\/v2\/media\/10407"}],"wp:attachment":[{"href":"https:\/\/nidaloghouses.com\/fr\/wp-json\/wp\/v2\/media?parent=5352"}],"wp:term":[{"taxonomy":"location","embeddable":true,"href":"https:\/\/nidaloghouses.com\/fr\/wp-json\/wp\/v2\/location?post=5352"},{"taxonomy":"type-category","embeddable":true,"href":"https:\/\/nidaloghouses.com\/fr\/wp-json\/wp\/v2\/type-category?post=5352"},{"taxonomy":"product_brand","embeddable":true,"href":"https:\/\/nidaloghouses.com\/fr\/wp-json\/wp\/v2\/product_brand?post=5352"},{"taxonomy":"product_cat","embeddable":true,"href":"https:\/\/nidaloghouses.com\/fr\/wp-json\/wp\/v2\/product_cat?post=5352"},{"taxonomy":"product_tag","embeddable":true,"href":"https:\/\/nidaloghouses.com\/fr\/wp-json\/wp\/v2\/product_tag?post=5352"}],"curies":[{"name":"wp","href":"https:\/\/api.w.org\/{rel}","templated":true}]}}