{"id":5344,"date":"2024-02-25T21:24:33","date_gmt":"2024-02-25T21:24:33","guid":{"rendered":"https:\/\/nidaloghouses.com\/product\/lunar-cabin\/"},"modified":"2025-06-16T06:42:49","modified_gmt":"2025-06-16T06:42:49","slug":"lunar-cabin","status":"publish","type":"product","link":"https:\/\/nidaloghouses.com\/fr\/catalogue\/maisons-residentielles-en-bois\/lunar-cabin\/","title":{"rendered":"Lunar Cabin"},"content":{"rendered":"<p>Notre superbe maison en bois Lunar Cabin offre une surface habitable de 70 m\u00b2 lumineuse, a\u00e9r\u00e9e et am\u00e9nag\u00e9e avec go\u00fbt pour devenir votre lieu de d\u00e9tente id\u00e9al. Le toit en pente ajoute une touche architecturale agr\u00e9able \u00e0 l&rsquo;ensemble. Cette caract\u00e9ristique fait de ce mod\u00e8le de maison d&rsquo;\u00e9t\u00e9 un \u00e9l\u00e9ment unique et distinctif qui s&rsquo;int\u00e8gre parfaitement \u00e0 tout type de paysage. Sans parler du bonheur que vous ressentirez \u00e0 l&rsquo;int\u00e9rieur.<\/p>\n","protected":false},"excerpt":{"rendered":"<p>Notre superbe maison en bois \u00ab Lunar Cabin \u00bb offre une surface habitable de 70 m\u00b2 lumineuse, a\u00e9r\u00e9e et am\u00e9nag\u00e9e avec go\u00fbt pour devenir votre lieu de d\u00e9tente id\u00e9al. <\/p>\n","protected":false},"featured_media":10419,"template":"","meta":{"_acf_changed":false,"inline_featured_image":false},"location":[],"type-category":[],"product_brand":[],"product_cat":[79],"product_tag":[],"class_list":{"0":"post-5344","1":"product","2":"type-product","3":"status-publish","4":"has-post-thumbnail","6":"product_cat-maisons-residentielles-en-bois","8":"first","9":"instock","10":"taxable","11":"shipping-taxable","12":"purchasable","13":"product-type-variable","14":"has-default-attributes"},"acf":[],"_links":{"self":[{"href":"https:\/\/nidaloghouses.com\/fr\/wp-json\/wp\/v2\/product\/5344","targetHints":{"allow":["GET"]}}],"collection":[{"href":"https:\/\/nidaloghouses.com\/fr\/wp-json\/wp\/v2\/product"}],"about":[{"href":"https:\/\/nidaloghouses.com\/fr\/wp-json\/wp\/v2\/types\/product"}],"wp:featuredmedia":[{"embeddable":true,"href":"https:\/\/nidaloghouses.com\/fr\/wp-json\/wp\/v2\/media\/10419"}],"wp:attachment":[{"href":"https:\/\/nidaloghouses.com\/fr\/wp-json\/wp\/v2\/media?parent=5344"}],"wp:term":[{"taxonomy":"location","embeddable":true,"href":"https:\/\/nidaloghouses.com\/fr\/wp-json\/wp\/v2\/location?post=5344"},{"taxonomy":"type-category","embeddable":true,"href":"https:\/\/nidaloghouses.com\/fr\/wp-json\/wp\/v2\/type-category?post=5344"},{"taxonomy":"product_brand","embeddable":true,"href":"https:\/\/nidaloghouses.com\/fr\/wp-json\/wp\/v2\/product_brand?post=5344"},{"taxonomy":"product_cat","embeddable":true,"href":"https:\/\/nidaloghouses.com\/fr\/wp-json\/wp\/v2\/product_cat?post=5344"},{"taxonomy":"product_tag","embeddable":true,"href":"https:\/\/nidaloghouses.com\/fr\/wp-json\/wp\/v2\/product_tag?post=5344"}],"curies":[{"name":"wp","href":"https:\/\/api.w.org\/{rel}","templated":true}]}}