{"id":5336,"date":"2024-02-25T21:27:41","date_gmt":"2024-02-25T21:27:41","guid":{"rendered":"https:\/\/nidaloghouses.com\/product\/creek-comfort\/"},"modified":"2025-06-16T06:39:41","modified_gmt":"2025-06-16T06:39:41","slug":"creek-comfort","status":"publish","type":"product","link":"https:\/\/nidaloghouses.com\/fr\/catalogue\/maisons-residentielles-en-bois\/creek-comfort\/","title":{"rendered":"Creek Comfort"},"content":{"rendered":"<p>L&rsquo;am\u00e9nagement int\u00e9rieur de Creek Comfort a \u00e9t\u00e9 soigneusement pens\u00e9 pour offrir un \u00e9quilibre parfait entre confort et immersion dans la nature, afin que votre maison en bois vous procure une exp\u00e9rience de d\u00e9tente ultime. La surface habitable de 33 m\u00b2 est divis\u00e9e en cinq pi\u00e8ces pratiques qui permettront \u00e0 toute votre famille de se retrouver et de passer de bons moments ensemble.<\/p>\n","protected":false},"excerpt":{"rendered":"<p>L&rsquo;am\u00e9nagement int\u00e9rieur de Creek Comfort a \u00e9t\u00e9 soigneusement pens\u00e9 pour offrir un \u00e9quilibre parfait entre confort et immersion dans la nature, afin que votre maison en bois vous procure une exp\u00e9rience de d\u00e9tente ultime. <\/p>\n","protected":false},"featured_media":10431,"template":"","meta":{"_acf_changed":false,"inline_featured_image":false},"location":[],"type-category":[],"product_brand":[],"product_cat":[79,81],"product_tag":[],"class_list":{"0":"post-5336","1":"product","2":"type-product","3":"status-publish","4":"has-post-thumbnail","6":"product_cat-maisons-residentielles-en-bois","7":"product_cat-abris-de-jardin-en-bois","9":"first","10":"instock","11":"taxable","12":"shipping-taxable","13":"purchasable","14":"product-type-variable"},"acf":[],"_links":{"self":[{"href":"https:\/\/nidaloghouses.com\/fr\/wp-json\/wp\/v2\/product\/5336","targetHints":{"allow":["GET"]}}],"collection":[{"href":"https:\/\/nidaloghouses.com\/fr\/wp-json\/wp\/v2\/product"}],"about":[{"href":"https:\/\/nidaloghouses.com\/fr\/wp-json\/wp\/v2\/types\/product"}],"wp:featuredmedia":[{"embeddable":true,"href":"https:\/\/nidaloghouses.com\/fr\/wp-json\/wp\/v2\/media\/10431"}],"wp:attachment":[{"href":"https:\/\/nidaloghouses.com\/fr\/wp-json\/wp\/v2\/media?parent=5336"}],"wp:term":[{"taxonomy":"location","embeddable":true,"href":"https:\/\/nidaloghouses.com\/fr\/wp-json\/wp\/v2\/location?post=5336"},{"taxonomy":"type-category","embeddable":true,"href":"https:\/\/nidaloghouses.com\/fr\/wp-json\/wp\/v2\/type-category?post=5336"},{"taxonomy":"product_brand","embeddable":true,"href":"https:\/\/nidaloghouses.com\/fr\/wp-json\/wp\/v2\/product_brand?post=5336"},{"taxonomy":"product_cat","embeddable":true,"href":"https:\/\/nidaloghouses.com\/fr\/wp-json\/wp\/v2\/product_cat?post=5336"},{"taxonomy":"product_tag","embeddable":true,"href":"https:\/\/nidaloghouses.com\/fr\/wp-json\/wp\/v2\/product_tag?post=5336"}],"curies":[{"name":"wp","href":"https:\/\/api.w.org\/{rel}","templated":true}]}}