{"id":5327,"date":"2024-02-25T21:34:12","date_gmt":"2024-02-25T21:34:12","guid":{"rendered":"https:\/\/nidaloghouses.com\/product\/moosy-joy\/"},"modified":"2025-06-13T13:51:13","modified_gmt":"2025-06-13T13:51:13","slug":"moosy-joy","status":"publish","type":"product","link":"https:\/\/nidaloghouses.com\/fr\/catalogue\/maisons-en-bois\/moosy-joy\/","title":{"rendered":"Moosy Joy"},"content":{"rendered":"<p>Avec son espace de vie incroyablement charmant de 25 m\u00b2, la maison en bois Moosy Joy pourrait bien r\u00e9aliser votre r\u00eave d&rsquo;une vie parfaite dans une maison en bois. Le toit en pente couvre trois pi\u00e8ces s\u00e9par\u00e9es pour plus de commodit\u00e9. Les portes vitr\u00e9es \u00e0 double battant et les fen\u00eatres strat\u00e9giquement plac\u00e9es baignent l&rsquo;int\u00e9rieur d&rsquo;une lumi\u00e8re naturelle abondante, cr\u00e9ant une atmosph\u00e8re a\u00e9r\u00e9e et rafra\u00eechissante. Et quoi de plus agr\u00e9able qu&rsquo;une tasse de th\u00e9 ou de caf\u00e9 le matin sur la jolie terrasse ?<\/p>\n","protected":false},"excerpt":{"rendered":"<p>Avec son espace de vie incroyablement charmant de 25 m\u00b2, la maison en bois Moosy Joy<\/p>\n","protected":false},"featured_media":10443,"template":"","meta":{"_acf_changed":false,"inline_featured_image":false},"location":[],"type-category":[],"product_brand":[],"product_cat":[73],"product_tag":[],"class_list":{"0":"post-5327","1":"product","2":"type-product","3":"status-publish","4":"has-post-thumbnail","6":"product_cat-maisons-en-bois","8":"first","9":"instock","10":"taxable","11":"shipping-taxable","12":"purchasable","13":"product-type-variable"},"acf":[],"_links":{"self":[{"href":"https:\/\/nidaloghouses.com\/fr\/wp-json\/wp\/v2\/product\/5327","targetHints":{"allow":["GET"]}}],"collection":[{"href":"https:\/\/nidaloghouses.com\/fr\/wp-json\/wp\/v2\/product"}],"about":[{"href":"https:\/\/nidaloghouses.com\/fr\/wp-json\/wp\/v2\/types\/product"}],"wp:featuredmedia":[{"embeddable":true,"href":"https:\/\/nidaloghouses.com\/fr\/wp-json\/wp\/v2\/media\/10443"}],"wp:attachment":[{"href":"https:\/\/nidaloghouses.com\/fr\/wp-json\/wp\/v2\/media?parent=5327"}],"wp:term":[{"taxonomy":"location","embeddable":true,"href":"https:\/\/nidaloghouses.com\/fr\/wp-json\/wp\/v2\/location?post=5327"},{"taxonomy":"type-category","embeddable":true,"href":"https:\/\/nidaloghouses.com\/fr\/wp-json\/wp\/v2\/type-category?post=5327"},{"taxonomy":"product_brand","embeddable":true,"href":"https:\/\/nidaloghouses.com\/fr\/wp-json\/wp\/v2\/product_brand?post=5327"},{"taxonomy":"product_cat","embeddable":true,"href":"https:\/\/nidaloghouses.com\/fr\/wp-json\/wp\/v2\/product_cat?post=5327"},{"taxonomy":"product_tag","embeddable":true,"href":"https:\/\/nidaloghouses.com\/fr\/wp-json\/wp\/v2\/product_tag?post=5327"}],"curies":[{"name":"wp","href":"https:\/\/api.w.org\/{rel}","templated":true}]}}