{"id":5318,"date":"2024-02-25T21:37:33","date_gmt":"2024-02-25T21:37:33","guid":{"rendered":"https:\/\/nidaloghouses.com\/product\/hazel-groove\/"},"modified":"2025-06-16T06:32:46","modified_gmt":"2025-06-16T06:32:46","slug":"hazel-groove","status":"publish","type":"product","link":"https:\/\/nidaloghouses.com\/fr\/catalogue\/maisons-en-bois\/hazel-groove\/","title":{"rendered":"Hazel Groove"},"content":{"rendered":"<p>La maison en bois Hazel groove assure une harmonie parfaite entre confort et beaut\u00e9 naturelle. La surface habitable de 26 m\u00b2 est commod\u00e9ment divis\u00e9e en quatre pi\u00e8ces. De nombreuses fen\u00eatres offrent un \u00e9clairage naturel, vous permettant de profiter d&rsquo;une d\u00e9tente absolue dans votre propre paradis en bois.<\/p>\n","protected":false},"excerpt":{"rendered":"<p>La maison en bois Hazel groove assure une harmonie parfaite entre confort et beaut\u00e9 naturelle. La surface habitable de 26 m\u00b2 est commod\u00e9ment divis\u00e9e en quatre pi\u00e8ces.<\/p>\n","protected":false},"featured_media":10455,"template":"","meta":{"_acf_changed":false,"inline_featured_image":false},"location":[],"type-category":[],"product_brand":[],"product_cat":[73],"product_tag":[],"class_list":{"0":"post-5318","1":"product","2":"type-product","3":"status-publish","4":"has-post-thumbnail","6":"product_cat-maisons-en-bois","8":"first","9":"instock","10":"taxable","11":"shipping-taxable","12":"purchasable","13":"product-type-variable"},"acf":[],"_links":{"self":[{"href":"https:\/\/nidaloghouses.com\/fr\/wp-json\/wp\/v2\/product\/5318","targetHints":{"allow":["GET"]}}],"collection":[{"href":"https:\/\/nidaloghouses.com\/fr\/wp-json\/wp\/v2\/product"}],"about":[{"href":"https:\/\/nidaloghouses.com\/fr\/wp-json\/wp\/v2\/types\/product"}],"wp:featuredmedia":[{"embeddable":true,"href":"https:\/\/nidaloghouses.com\/fr\/wp-json\/wp\/v2\/media\/10455"}],"wp:attachment":[{"href":"https:\/\/nidaloghouses.com\/fr\/wp-json\/wp\/v2\/media?parent=5318"}],"wp:term":[{"taxonomy":"location","embeddable":true,"href":"https:\/\/nidaloghouses.com\/fr\/wp-json\/wp\/v2\/location?post=5318"},{"taxonomy":"type-category","embeddable":true,"href":"https:\/\/nidaloghouses.com\/fr\/wp-json\/wp\/v2\/type-category?post=5318"},{"taxonomy":"product_brand","embeddable":true,"href":"https:\/\/nidaloghouses.com\/fr\/wp-json\/wp\/v2\/product_brand?post=5318"},{"taxonomy":"product_cat","embeddable":true,"href":"https:\/\/nidaloghouses.com\/fr\/wp-json\/wp\/v2\/product_cat?post=5318"},{"taxonomy":"product_tag","embeddable":true,"href":"https:\/\/nidaloghouses.com\/fr\/wp-json\/wp\/v2\/product_tag?post=5318"}],"curies":[{"name":"wp","href":"https:\/\/api.w.org\/{rel}","templated":true}]}}