{"id":5309,"date":"2024-02-25T21:41:16","date_gmt":"2024-02-25T21:41:16","guid":{"rendered":"https:\/\/nidaloghouses.com\/product\/forest-kingdom\/"},"modified":"2025-06-16T06:28:57","modified_gmt":"2025-06-16T06:28:57","slug":"forest-kingdom","status":"publish","type":"product","link":"https:\/\/nidaloghouses.com\/fr\/catalogue\/maisons-en-bois\/forest-kingdom\/","title":{"rendered":"Forest Kingdom"},"content":{"rendered":"<p>La maison en bois Forest Kingdom semble tout droit sortie d&rsquo;un conte de f\u00e9es. Avec son design charmant et sa qualit\u00e9 exceptionnelle, elle deviendra \u00e0 coup s\u00fbr votre lieu de pr\u00e9dilection pour vos escapades estivales et vos week-ends de d\u00e9tente. D&rsquo;une superficie de 42 m\u00b2, elle offre tout ce dont vous avez besoin pour vous d\u00e9tendre avec vos proches en pleine nature.<\/p>\n","protected":false},"excerpt":{"rendered":"<p>La maison en bois Forest Kingdom offre tout ce dont vous avez besoin pour vous d\u00e9tendre avec vos proches en pleine nature.<\/p>\n","protected":false},"featured_media":10467,"template":"","meta":{"_acf_changed":false,"inline_featured_image":false},"location":[],"type-category":[],"product_brand":[],"product_cat":[73],"product_tag":[],"class_list":{"0":"post-5309","1":"product","2":"type-product","3":"status-publish","4":"has-post-thumbnail","6":"product_cat-maisons-en-bois","8":"first","9":"instock","10":"taxable","11":"shipping-taxable","12":"purchasable","13":"product-type-variable","14":"has-default-attributes"},"acf":[],"_links":{"self":[{"href":"https:\/\/nidaloghouses.com\/fr\/wp-json\/wp\/v2\/product\/5309","targetHints":{"allow":["GET"]}}],"collection":[{"href":"https:\/\/nidaloghouses.com\/fr\/wp-json\/wp\/v2\/product"}],"about":[{"href":"https:\/\/nidaloghouses.com\/fr\/wp-json\/wp\/v2\/types\/product"}],"wp:featuredmedia":[{"embeddable":true,"href":"https:\/\/nidaloghouses.com\/fr\/wp-json\/wp\/v2\/media\/10467"}],"wp:attachment":[{"href":"https:\/\/nidaloghouses.com\/fr\/wp-json\/wp\/v2\/media?parent=5309"}],"wp:term":[{"taxonomy":"location","embeddable":true,"href":"https:\/\/nidaloghouses.com\/fr\/wp-json\/wp\/v2\/location?post=5309"},{"taxonomy":"type-category","embeddable":true,"href":"https:\/\/nidaloghouses.com\/fr\/wp-json\/wp\/v2\/type-category?post=5309"},{"taxonomy":"product_brand","embeddable":true,"href":"https:\/\/nidaloghouses.com\/fr\/wp-json\/wp\/v2\/product_brand?post=5309"},{"taxonomy":"product_cat","embeddable":true,"href":"https:\/\/nidaloghouses.com\/fr\/wp-json\/wp\/v2\/product_cat?post=5309"},{"taxonomy":"product_tag","embeddable":true,"href":"https:\/\/nidaloghouses.com\/fr\/wp-json\/wp\/v2\/product_tag?post=5309"}],"curies":[{"name":"wp","href":"https:\/\/api.w.org\/{rel}","templated":true}]}}