{"id":5292,"date":"2024-02-25T21:44:08","date_gmt":"2024-02-25T21:44:08","guid":{"rendered":"https:\/\/nidaloghouses.com\/product\/rustic-refuge\/"},"modified":"2025-06-16T06:25:06","modified_gmt":"2025-06-16T06:25:06","slug":"rustic-refuge","status":"publish","type":"product","link":"https:\/\/nidaloghouses.com\/fr\/catalogue\/cabanes-de-jardin\/rustic-refuge\/","title":{"rendered":"Rustic Refuge"},"content":{"rendered":"<p>Les immenses fen\u00eatres \u00e0 l&rsquo;avant de la pi\u00e8ces de jardin Rustic Refuge laissent entrer la belle lumi\u00e8re naturelle dans chaque recoin, cr\u00e9ant une atmosph\u00e8re chaleureuse et accueillante. Vous pouvez choisir parmi diff\u00e9rentes tailles, de 10 \u00e0 20 m\u00b2 de surface habitable, en fonction de vos besoins.<\/p>\n","protected":false},"excerpt":{"rendered":"<p>Les immenses fen\u00eatres \u00e0 l&rsquo;avant de la pi\u00e8ces de jardin Rustic Refuge laissent entrer la belle lumi\u00e8re naturelle dans chaque recoin, cr\u00e9ant une atmosph\u00e8re chaleureuse et accueillante. Vous pouvez choisir parmi diff\u00e9rentes tailles, de 10 \u00e0 20 m\u00b2 de surface habitable, en fonction de vos besoins.<\/p>\n","protected":false},"featured_media":10734,"template":"","meta":{"_acf_changed":false,"inline_featured_image":false},"location":[],"type-category":[],"product_brand":[],"product_cat":[83],"product_tag":[],"class_list":{"0":"post-5292","1":"product","2":"type-product","3":"status-publish","4":"has-post-thumbnail","6":"product_cat-cabanes-de-jardin","8":"first","9":"instock","10":"taxable","11":"shipping-taxable","12":"purchasable","13":"product-type-variable"},"acf":[],"_links":{"self":[{"href":"https:\/\/nidaloghouses.com\/fr\/wp-json\/wp\/v2\/product\/5292","targetHints":{"allow":["GET"]}}],"collection":[{"href":"https:\/\/nidaloghouses.com\/fr\/wp-json\/wp\/v2\/product"}],"about":[{"href":"https:\/\/nidaloghouses.com\/fr\/wp-json\/wp\/v2\/types\/product"}],"wp:featuredmedia":[{"embeddable":true,"href":"https:\/\/nidaloghouses.com\/fr\/wp-json\/wp\/v2\/media\/10734"}],"wp:attachment":[{"href":"https:\/\/nidaloghouses.com\/fr\/wp-json\/wp\/v2\/media?parent=5292"}],"wp:term":[{"taxonomy":"location","embeddable":true,"href":"https:\/\/nidaloghouses.com\/fr\/wp-json\/wp\/v2\/location?post=5292"},{"taxonomy":"type-category","embeddable":true,"href":"https:\/\/nidaloghouses.com\/fr\/wp-json\/wp\/v2\/type-category?post=5292"},{"taxonomy":"product_brand","embeddable":true,"href":"https:\/\/nidaloghouses.com\/fr\/wp-json\/wp\/v2\/product_brand?post=5292"},{"taxonomy":"product_cat","embeddable":true,"href":"https:\/\/nidaloghouses.com\/fr\/wp-json\/wp\/v2\/product_cat?post=5292"},{"taxonomy":"product_tag","embeddable":true,"href":"https:\/\/nidaloghouses.com\/fr\/wp-json\/wp\/v2\/product_tag?post=5292"}],"curies":[{"name":"wp","href":"https:\/\/api.w.org\/{rel}","templated":true}]}}