{"id":5250,"date":"2024-02-26T10:18:09","date_gmt":"2024-02-26T10:18:09","guid":{"rendered":"https:\/\/nidaloghouses.com\/product\/bloosom-castle\/"},"modified":"2025-06-13T13:45:14","modified_gmt":"2025-06-13T13:45:14","slug":"bloosom-castle","status":"publish","type":"product","link":"https:\/\/nidaloghouses.com\/fr\/catalogue\/abris-de-jardin-en-bois\/bloosom-castle\/","title":{"rendered":"Bloosom Castle"},"content":{"rendered":"<p>Laissez-vous s\u00e9duire par le charme et la fonctionnalit\u00e9 du Bloosom Castle. Cette petite r\u00e9sidence raffin\u00e9e a \u00e9t\u00e9 con\u00e7ue dans un souci d&rsquo;efficacit\u00e9 et offre un havre de paix douillet \u00e0 ceux qui recherchent la simplicit\u00e9 et le confort. Les fen\u00eatres judicieusement plac\u00e9es font entrer la beaut\u00e9 de la nature \u00e0 l&rsquo;int\u00e9rieur, vous rappelant \u00e0 chaque instant la tranquillit\u00e9 qui vous entoure. Plusieurs options de taille sont disponibles pour r\u00e9pondre \u00e0 vos besoins : de 10 \u00e0 26 m\u00b2 de surface habitable.<\/p>\n","protected":false},"excerpt":{"rendered":"<p>La abris de jardin en bois Bloosom Castle a \u00e9t\u00e9 con\u00e7ue dans un souci d&rsquo;efficacit\u00e9 et offre un havre de paix douillet \u00e0 ceux qui recherchent la simplicit\u00e9 et le confort.  Plusieurs options de taille sont disponibles pour r\u00e9pondre \u00e0 vos besoins : de 10 \u00e0 26 m\u00b2 de surface habitable.<\/p>\n","protected":false},"featured_media":10762,"template":"","meta":{"_acf_changed":false,"inline_featured_image":false},"location":[],"type-category":[],"product_brand":[],"product_cat":[81,83],"product_tag":[],"class_list":{"0":"post-5250","1":"product","2":"type-product","3":"status-publish","4":"has-post-thumbnail","6":"product_cat-abris-de-jardin-en-bois","7":"product_cat-cabanes-de-jardin","9":"first","10":"instock","11":"taxable","12":"shipping-taxable","13":"purchasable","14":"product-type-variable"},"acf":[],"_links":{"self":[{"href":"https:\/\/nidaloghouses.com\/fr\/wp-json\/wp\/v2\/product\/5250","targetHints":{"allow":["GET"]}}],"collection":[{"href":"https:\/\/nidaloghouses.com\/fr\/wp-json\/wp\/v2\/product"}],"about":[{"href":"https:\/\/nidaloghouses.com\/fr\/wp-json\/wp\/v2\/types\/product"}],"wp:featuredmedia":[{"embeddable":true,"href":"https:\/\/nidaloghouses.com\/fr\/wp-json\/wp\/v2\/media\/10762"}],"wp:attachment":[{"href":"https:\/\/nidaloghouses.com\/fr\/wp-json\/wp\/v2\/media?parent=5250"}],"wp:term":[{"taxonomy":"location","embeddable":true,"href":"https:\/\/nidaloghouses.com\/fr\/wp-json\/wp\/v2\/location?post=5250"},{"taxonomy":"type-category","embeddable":true,"href":"https:\/\/nidaloghouses.com\/fr\/wp-json\/wp\/v2\/type-category?post=5250"},{"taxonomy":"product_brand","embeddable":true,"href":"https:\/\/nidaloghouses.com\/fr\/wp-json\/wp\/v2\/product_brand?post=5250"},{"taxonomy":"product_cat","embeddable":true,"href":"https:\/\/nidaloghouses.com\/fr\/wp-json\/wp\/v2\/product_cat?post=5250"},{"taxonomy":"product_tag","embeddable":true,"href":"https:\/\/nidaloghouses.com\/fr\/wp-json\/wp\/v2\/product_tag?post=5250"}],"curies":[{"name":"wp","href":"https:\/\/api.w.org\/{rel}","templated":true}]}}