{"id":5229,"date":"2024-02-26T10:28:20","date_gmt":"2024-02-26T10:28:20","guid":{"rendered":"https:\/\/nidaloghouses.com\/product\/cypress-snug\/"},"modified":"2025-06-13T13:37:33","modified_gmt":"2025-06-13T13:37:33","slug":"cypress-snug","status":"publish","type":"product","link":"https:\/\/nidaloghouses.com\/fr\/catalogue\/cabanes-de-jardin\/cypress-snug\/","title":{"rendered":"Cypress Snug"},"content":{"rendered":"<p>Bienvenue \u00e0 d\u00e9couvrir la magie de notre petite maison en rondins Cypress Snug, o\u00f9 les grands r\u00eaves deviennent r\u00e9alit\u00e9 dans un espace compact. Cette charmante maison offre un refuge \u00e0 ceux qui recherchent la simplicit\u00e9 et le repos. Le bois naturel et les grandes fen\u00eatres apportent une atmosph\u00e8re chaleureuse et ouvrent une vue magnifique sur la nature environnante. Choisissez parmi notre s\u00e9lection de tailles : 10 \u00e0 22 m\u00b2 de surface habitable.<\/p>\n","protected":false},"excerpt":{"rendered":"<p>Bienvenue \u00e0 d\u00e9couvrir la magie de notre petite maison en rondins pittoresque Cypress Snug, o\u00f9 les grands r\u00eaves deviennent r\u00e9alit\u00e9 dans un espace compact. Choisissez parmi notre s\u00e9lection de tailles : 10 \u00e0 22 m\u00b2 de surface habitable.<\/p>\n","protected":false},"featured_media":10774,"template":"","meta":{"_acf_changed":false,"inline_featured_image":false},"location":[],"type-category":[],"product_brand":[],"product_cat":[83],"product_tag":[],"class_list":{"0":"post-5229","1":"product","2":"type-product","3":"status-publish","4":"has-post-thumbnail","6":"product_cat-cabanes-de-jardin","8":"first","9":"instock","10":"taxable","11":"shipping-taxable","12":"purchasable","13":"product-type-variable"},"acf":[],"_links":{"self":[{"href":"https:\/\/nidaloghouses.com\/fr\/wp-json\/wp\/v2\/product\/5229","targetHints":{"allow":["GET"]}}],"collection":[{"href":"https:\/\/nidaloghouses.com\/fr\/wp-json\/wp\/v2\/product"}],"about":[{"href":"https:\/\/nidaloghouses.com\/fr\/wp-json\/wp\/v2\/types\/product"}],"wp:featuredmedia":[{"embeddable":true,"href":"https:\/\/nidaloghouses.com\/fr\/wp-json\/wp\/v2\/media\/10774"}],"wp:attachment":[{"href":"https:\/\/nidaloghouses.com\/fr\/wp-json\/wp\/v2\/media?parent=5229"}],"wp:term":[{"taxonomy":"location","embeddable":true,"href":"https:\/\/nidaloghouses.com\/fr\/wp-json\/wp\/v2\/location?post=5229"},{"taxonomy":"type-category","embeddable":true,"href":"https:\/\/nidaloghouses.com\/fr\/wp-json\/wp\/v2\/type-category?post=5229"},{"taxonomy":"product_brand","embeddable":true,"href":"https:\/\/nidaloghouses.com\/fr\/wp-json\/wp\/v2\/product_brand?post=5229"},{"taxonomy":"product_cat","embeddable":true,"href":"https:\/\/nidaloghouses.com\/fr\/wp-json\/wp\/v2\/product_cat?post=5229"},{"taxonomy":"product_tag","embeddable":true,"href":"https:\/\/nidaloghouses.com\/fr\/wp-json\/wp\/v2\/product_tag?post=5229"}],"curies":[{"name":"wp","href":"https:\/\/api.w.org\/{rel}","templated":true}]}}