{"id":5212,"date":"2024-02-26T10:55:27","date_gmt":"2024-02-26T10:55:27","guid":{"rendered":"https:\/\/nidaloghouses.com\/product\/breeze-dwelling\/"},"modified":"2025-06-13T13:35:30","modified_gmt":"2025-06-13T13:35:30","slug":"breeze-dwelling","status":"publish","type":"product","link":"https:\/\/nidaloghouses.com\/fr\/catalogue\/abris-de-jardin-en-bois\/breeze-dwelling\/","title":{"rendered":"Breeze Dwelling"},"content":{"rendered":"<p>D\u00e9couvrez l&rsquo;\u00e9quilibre parfait entre espace et confort dans notre Breeze Dwelling, con\u00e7ue avec soin. Les fen\u00eatres sont judicieusement plac\u00e9es pour laisser entrer beaucoup de lumi\u00e8re naturelle et offrir une vue imprenable sur les environs paisibles. C&rsquo;est l&rsquo;endroit id\u00e9al pour profiter de l&rsquo;atmosph\u00e8re sereine et cr\u00e9er des souvenirs inoubliables dans votre havre de paix personnel. Choisissez parmi notre s\u00e9lection de superficies : de 10 \u00e0 27 m\u00b2 de surface habitable.<\/p>\n","protected":false},"excerpt":{"rendered":"<p>D\u00e9couvrez l&rsquo;\u00e9quilibre parfait entre espace et confort dans notre Breeze Dwelling, con\u00e7ue avec soin. Choisissez parmi notre s\u00e9lection de tailles : de 10 \u00e0 27 m\u00b2 de surface habitable.<\/p>\n","protected":false},"featured_media":10786,"template":"","meta":{"_acf_changed":false,"inline_featured_image":false},"location":[],"type-category":[],"product_brand":[],"product_cat":[81],"product_tag":[],"class_list":{"0":"post-5212","1":"product","2":"type-product","3":"status-publish","4":"has-post-thumbnail","6":"product_cat-abris-de-jardin-en-bois","8":"first","9":"instock","10":"taxable","11":"shipping-taxable","12":"purchasable","13":"product-type-variable"},"acf":[],"_links":{"self":[{"href":"https:\/\/nidaloghouses.com\/fr\/wp-json\/wp\/v2\/product\/5212","targetHints":{"allow":["GET"]}}],"collection":[{"href":"https:\/\/nidaloghouses.com\/fr\/wp-json\/wp\/v2\/product"}],"about":[{"href":"https:\/\/nidaloghouses.com\/fr\/wp-json\/wp\/v2\/types\/product"}],"wp:featuredmedia":[{"embeddable":true,"href":"https:\/\/nidaloghouses.com\/fr\/wp-json\/wp\/v2\/media\/10786"}],"wp:attachment":[{"href":"https:\/\/nidaloghouses.com\/fr\/wp-json\/wp\/v2\/media?parent=5212"}],"wp:term":[{"taxonomy":"location","embeddable":true,"href":"https:\/\/nidaloghouses.com\/fr\/wp-json\/wp\/v2\/location?post=5212"},{"taxonomy":"type-category","embeddable":true,"href":"https:\/\/nidaloghouses.com\/fr\/wp-json\/wp\/v2\/type-category?post=5212"},{"taxonomy":"product_brand","embeddable":true,"href":"https:\/\/nidaloghouses.com\/fr\/wp-json\/wp\/v2\/product_brand?post=5212"},{"taxonomy":"product_cat","embeddable":true,"href":"https:\/\/nidaloghouses.com\/fr\/wp-json\/wp\/v2\/product_cat?post=5212"},{"taxonomy":"product_tag","embeddable":true,"href":"https:\/\/nidaloghouses.com\/fr\/wp-json\/wp\/v2\/product_tag?post=5212"}],"curies":[{"name":"wp","href":"https:\/\/api.w.org\/{rel}","templated":true}]}}