{"id":5189,"date":"2024-02-26T11:04:49","date_gmt":"2024-02-26T11:04:49","guid":{"rendered":"https:\/\/nidaloghouses.com\/product\/celestial-bungalow\/"},"modified":"2025-06-13T13:26:34","modified_gmt":"2025-06-13T13:26:34","slug":"celestial-bungalow","status":"publish","type":"product","link":"https:\/\/nidaloghouses.com\/fr\/catalogue\/cabanes-de-jardin\/celestial-bungalow\/","title":{"rendered":"Celestial Bungalow"},"content":{"rendered":"<p>Que vous souhaitiez renouer avec la nature, passer du temps avec vos proches ou profiter d&rsquo;une solitude bien m\u00e9rit\u00e9e, Celestial Bungalow est la destination id\u00e9ale pour tous ceux qui recherchent la tranquillit\u00e9 et une pause loin du chaos du monde. Les grandes fen\u00eatres inondent non seulement l&rsquo;espace d&rsquo;une lumi\u00e8re naturelle douce, mais offrent \u00e9galement une vue magnifique sur la nature environnante. Vous pouvez choisir parmi diff\u00e9rentes tailles, de 10 \u00e0 26 m\u00b2 de surface habitable, en fonction de vos besoins.<\/p>\n","protected":false},"excerpt":{"rendered":"<p>Que vous souhaitiez renouer avec la nature, passer du temps avec vos proches ou profiter d&rsquo;une solitude bien m\u00e9rit\u00e9e, Celestial Bungalow est la destination id\u00e9ale pour tous ceux qui recherchent la tranquillit\u00e9 et une pause loin du chaos du monde. Vous pouvez choisir parmi diff\u00e9rentes tailles, allant de 10 \u00e0 26 m\u00b2 de surface habitable, en fonction de vos besoins.<\/p>\n","protected":false},"featured_media":10798,"template":"","meta":{"_acf_changed":false,"inline_featured_image":false},"location":[],"type-category":[],"product_brand":[],"product_cat":[83],"product_tag":[],"class_list":{"0":"post-5189","1":"product","2":"type-product","3":"status-publish","4":"has-post-thumbnail","6":"product_cat-cabanes-de-jardin","8":"first","9":"instock","10":"taxable","11":"shipping-taxable","12":"purchasable","13":"product-type-variable"},"acf":[],"_links":{"self":[{"href":"https:\/\/nidaloghouses.com\/fr\/wp-json\/wp\/v2\/product\/5189","targetHints":{"allow":["GET"]}}],"collection":[{"href":"https:\/\/nidaloghouses.com\/fr\/wp-json\/wp\/v2\/product"}],"about":[{"href":"https:\/\/nidaloghouses.com\/fr\/wp-json\/wp\/v2\/types\/product"}],"wp:featuredmedia":[{"embeddable":true,"href":"https:\/\/nidaloghouses.com\/fr\/wp-json\/wp\/v2\/media\/10798"}],"wp:attachment":[{"href":"https:\/\/nidaloghouses.com\/fr\/wp-json\/wp\/v2\/media?parent=5189"}],"wp:term":[{"taxonomy":"location","embeddable":true,"href":"https:\/\/nidaloghouses.com\/fr\/wp-json\/wp\/v2\/location?post=5189"},{"taxonomy":"type-category","embeddable":true,"href":"https:\/\/nidaloghouses.com\/fr\/wp-json\/wp\/v2\/type-category?post=5189"},{"taxonomy":"product_brand","embeddable":true,"href":"https:\/\/nidaloghouses.com\/fr\/wp-json\/wp\/v2\/product_brand?post=5189"},{"taxonomy":"product_cat","embeddable":true,"href":"https:\/\/nidaloghouses.com\/fr\/wp-json\/wp\/v2\/product_cat?post=5189"},{"taxonomy":"product_tag","embeddable":true,"href":"https:\/\/nidaloghouses.com\/fr\/wp-json\/wp\/v2\/product_tag?post=5189"}],"curies":[{"name":"wp","href":"https:\/\/api.w.org\/{rel}","templated":true}]}}