{"id":5168,"date":"2024-02-26T11:16:19","date_gmt":"2024-02-26T11:16:19","guid":{"rendered":"https:\/\/nidaloghouses.com\/product\/peaceful-trail\/"},"modified":"2025-06-13T13:24:26","modified_gmt":"2025-06-13T13:24:26","slug":"peaceful-trail","status":"publish","type":"product","link":"https:\/\/nidaloghouses.com\/fr\/catalogue\/cabanes-de-jardin\/peaceful-trail\/","title":{"rendered":"Peaceful Trail"},"content":{"rendered":"<p>Pr\u00e9parez-vous \u00e0 vivre une exp\u00e9rience r\u00e9confortante dans la cabane en rondins Peaceful Trail, con\u00e7ue dans un souci de charme et de fonctionnalit\u00e9. Les portes \u00e0 double vitrage et les fen\u00eatres judicieusement plac\u00e9es cr\u00e9ent un int\u00e9rieur lumineux et accueillant, baign\u00e9 de lumi\u00e8re naturelle. Vous pouvez choisir parmi diff\u00e9rentes tailles, de 10 \u00e0 22 m\u00b2 de surface habitable, en fonction de vos besoins.<\/p>\n","protected":false},"excerpt":{"rendered":"<p>Pr\u00e9parez-vous \u00e0 vivre une exp\u00e9rience r\u00e9confortante dans la cabane en rondins Peaceful Trail, con\u00e7ue dans un souci de charme et de fonctionnalit\u00e9. Vous pouvez choisir parmi diff\u00e9rentes tailles, de 10 \u00e0 22 m\u00b2 de surface habitable, en fonction de vos besoins.<\/p>\n","protected":false},"featured_media":10810,"template":"","meta":{"_acf_changed":false,"inline_featured_image":false},"location":[],"type-category":[],"product_brand":[],"product_cat":[83],"product_tag":[],"class_list":{"0":"post-5168","1":"product","2":"type-product","3":"status-publish","4":"has-post-thumbnail","6":"product_cat-cabanes-de-jardin","8":"first","9":"instock","10":"taxable","11":"shipping-taxable","12":"purchasable","13":"product-type-variable"},"acf":[],"_links":{"self":[{"href":"https:\/\/nidaloghouses.com\/fr\/wp-json\/wp\/v2\/product\/5168","targetHints":{"allow":["GET"]}}],"collection":[{"href":"https:\/\/nidaloghouses.com\/fr\/wp-json\/wp\/v2\/product"}],"about":[{"href":"https:\/\/nidaloghouses.com\/fr\/wp-json\/wp\/v2\/types\/product"}],"wp:featuredmedia":[{"embeddable":true,"href":"https:\/\/nidaloghouses.com\/fr\/wp-json\/wp\/v2\/media\/10810"}],"wp:attachment":[{"href":"https:\/\/nidaloghouses.com\/fr\/wp-json\/wp\/v2\/media?parent=5168"}],"wp:term":[{"taxonomy":"location","embeddable":true,"href":"https:\/\/nidaloghouses.com\/fr\/wp-json\/wp\/v2\/location?post=5168"},{"taxonomy":"type-category","embeddable":true,"href":"https:\/\/nidaloghouses.com\/fr\/wp-json\/wp\/v2\/type-category?post=5168"},{"taxonomy":"product_brand","embeddable":true,"href":"https:\/\/nidaloghouses.com\/fr\/wp-json\/wp\/v2\/product_brand?post=5168"},{"taxonomy":"product_cat","embeddable":true,"href":"https:\/\/nidaloghouses.com\/fr\/wp-json\/wp\/v2\/product_cat?post=5168"},{"taxonomy":"product_tag","embeddable":true,"href":"https:\/\/nidaloghouses.com\/fr\/wp-json\/wp\/v2\/product_tag?post=5168"}],"curies":[{"name":"wp","href":"https:\/\/api.w.org\/{rel}","templated":true}]}}