{"id":5147,"date":"2024-02-26T11:29:16","date_gmt":"2024-02-26T11:29:16","guid":{"rendered":"https:\/\/nidaloghouses.com\/product\/hidden-harmony\/"},"modified":"2025-06-13T13:20:23","modified_gmt":"2025-06-13T13:20:23","slug":"hidden-harmony","status":"publish","type":"product","link":"https:\/\/nidaloghouses.com\/fr\/catalogue\/cabanes-de-jardin\/hidden-harmony\/","title":{"rendered":"Hidden Harmony"},"content":{"rendered":"<p>Charmante cabane en bois, Hidden Harmony respire la chaleur et la tranquillit\u00e9. Si vous souhaitez cr\u00e9er un endroit id\u00e9al pour vous d\u00e9tendre et vous ressourcer, cette maison est le choix parfait. Les fen\u00eatres sont parfaitement positionn\u00e9es pour vous permettre de profiter d&rsquo;une vue imprenable sur les environs et de vous reconnecter avec la nature. Vous pouvez choisir entre diff\u00e9rentes tailles, de 10 \u00e0 27 m\u00b2 de surface habitable, en fonction de vos besoins.<\/p>\n","protected":false},"excerpt":{"rendered":"<p>Une charmante cabane en rondins, Hidden Harmony, rayonne de chaleur et de tranquillit\u00e9. Vous pouvez choisir parmi diff\u00e9rentes tailles, de 10 \u00e0 27 m\u00b2 de surface habitable, en fonction de vos besoins.<\/p>\n","protected":false},"featured_media":10822,"template":"","meta":{"_acf_changed":false,"inline_featured_image":false},"location":[],"type-category":[],"product_brand":[],"product_cat":[83],"product_tag":[],"class_list":{"0":"post-5147","1":"product","2":"type-product","3":"status-publish","4":"has-post-thumbnail","6":"product_cat-cabanes-de-jardin","8":"first","9":"instock","10":"taxable","11":"shipping-taxable","12":"purchasable","13":"product-type-variable"},"acf":[],"_links":{"self":[{"href":"https:\/\/nidaloghouses.com\/fr\/wp-json\/wp\/v2\/product\/5147","targetHints":{"allow":["GET"]}}],"collection":[{"href":"https:\/\/nidaloghouses.com\/fr\/wp-json\/wp\/v2\/product"}],"about":[{"href":"https:\/\/nidaloghouses.com\/fr\/wp-json\/wp\/v2\/types\/product"}],"wp:featuredmedia":[{"embeddable":true,"href":"https:\/\/nidaloghouses.com\/fr\/wp-json\/wp\/v2\/media\/10822"}],"wp:attachment":[{"href":"https:\/\/nidaloghouses.com\/fr\/wp-json\/wp\/v2\/media?parent=5147"}],"wp:term":[{"taxonomy":"location","embeddable":true,"href":"https:\/\/nidaloghouses.com\/fr\/wp-json\/wp\/v2\/location?post=5147"},{"taxonomy":"type-category","embeddable":true,"href":"https:\/\/nidaloghouses.com\/fr\/wp-json\/wp\/v2\/type-category?post=5147"},{"taxonomy":"product_brand","embeddable":true,"href":"https:\/\/nidaloghouses.com\/fr\/wp-json\/wp\/v2\/product_brand?post=5147"},{"taxonomy":"product_cat","embeddable":true,"href":"https:\/\/nidaloghouses.com\/fr\/wp-json\/wp\/v2\/product_cat?post=5147"},{"taxonomy":"product_tag","embeddable":true,"href":"https:\/\/nidaloghouses.com\/fr\/wp-json\/wp\/v2\/product_tag?post=5147"}],"curies":[{"name":"wp","href":"https:\/\/api.w.org\/{rel}","templated":true}]}}