{"id":5126,"date":"2024-02-26T11:38:58","date_gmt":"2024-02-26T11:38:58","guid":{"rendered":"https:\/\/nidaloghouses.com\/product\/magical-escape\/"},"modified":"2025-06-13T13:16:54","modified_gmt":"2025-06-13T13:16:54","slug":"magical-escape","status":"publish","type":"product","link":"https:\/\/nidaloghouses.com\/fr\/catalogue\/cabanes-de-jardin\/magical-escape\/","title":{"rendered":"Magical Escape"},"content":{"rendered":"<p>Vous recherchez un endroit o\u00f9 vous d\u00e9tendre et vous relaxer dans une atmosph\u00e8re sereine ? La cabane en bois Magical Escape est le choix id\u00e9al. Ouvrez les portes vitr\u00e9es \u00e0 double battant pour laisser entrer la lumi\u00e8re du soleil, tandis que les fen\u00eatres soigneusement plac\u00e9es font entrer la beaut\u00e9 de la nature \u00e0 l&rsquo;int\u00e9rieur. Vous pouvez choisir parmi diff\u00e9rentes tailles, de 10 \u00e0 26 m\u00b2 de surface habitable, en fonction de vos besoins.<\/p>\n","protected":false},"excerpt":{"rendered":"<p>Vous recherchez un endroit o\u00f9 vous d\u00e9tendre et vous relaxer dans une atmosph\u00e8re sereine ? La cabane en bois Magical Escape est le choix id\u00e9al. Ouvrez les portes vitr\u00e9es \u00e0 double battant pour laisser entrer la lumi\u00e8re du soleil, tandis que les fen\u00eatres soigneusement plac\u00e9es font entrer la beaut\u00e9 de la nature \u00e0 l&rsquo;int\u00e9rieur. Vous pouvez choisir parmi diff\u00e9rentes tailles, de 10 \u00e0 26 m\u00b2 de surface habitable, en fonction de vos besoins.<\/p>\n","protected":false},"featured_media":10835,"template":"","meta":{"_acf_changed":false,"inline_featured_image":false},"location":[],"type-category":[],"product_brand":[],"product_cat":[83],"product_tag":[],"class_list":{"0":"post-5126","1":"product","2":"type-product","3":"status-publish","4":"has-post-thumbnail","6":"product_cat-cabanes-de-jardin","8":"first","9":"instock","10":"taxable","11":"shipping-taxable","12":"purchasable","13":"product-type-variable"},"acf":[],"_links":{"self":[{"href":"https:\/\/nidaloghouses.com\/fr\/wp-json\/wp\/v2\/product\/5126","targetHints":{"allow":["GET"]}}],"collection":[{"href":"https:\/\/nidaloghouses.com\/fr\/wp-json\/wp\/v2\/product"}],"about":[{"href":"https:\/\/nidaloghouses.com\/fr\/wp-json\/wp\/v2\/types\/product"}],"wp:featuredmedia":[{"embeddable":true,"href":"https:\/\/nidaloghouses.com\/fr\/wp-json\/wp\/v2\/media\/10835"}],"wp:attachment":[{"href":"https:\/\/nidaloghouses.com\/fr\/wp-json\/wp\/v2\/media?parent=5126"}],"wp:term":[{"taxonomy":"location","embeddable":true,"href":"https:\/\/nidaloghouses.com\/fr\/wp-json\/wp\/v2\/location?post=5126"},{"taxonomy":"type-category","embeddable":true,"href":"https:\/\/nidaloghouses.com\/fr\/wp-json\/wp\/v2\/type-category?post=5126"},{"taxonomy":"product_brand","embeddable":true,"href":"https:\/\/nidaloghouses.com\/fr\/wp-json\/wp\/v2\/product_brand?post=5126"},{"taxonomy":"product_cat","embeddable":true,"href":"https:\/\/nidaloghouses.com\/fr\/wp-json\/wp\/v2\/product_cat?post=5126"},{"taxonomy":"product_tag","embeddable":true,"href":"https:\/\/nidaloghouses.com\/fr\/wp-json\/wp\/v2\/product_tag?post=5126"}],"curies":[{"name":"wp","href":"https:\/\/api.w.org\/{rel}","templated":true}]}}