{"id":5098,"date":"2024-02-26T11:52:37","date_gmt":"2024-02-26T11:52:37","guid":{"rendered":"https:\/\/nidaloghouses.com\/product\/flameflower-flat\/"},"modified":"2025-06-13T13:12:23","modified_gmt":"2025-06-13T13:12:23","slug":"flameflower","status":"publish","type":"product","link":"https:\/\/nidaloghouses.com\/fr\/catalogue\/maisons-en-bois\/flameflower\/","title":{"rendered":"Flameflower Flat"},"content":{"rendered":"<p>La maison en bois Flameflower offre tout ce dont vous pouvez r\u00eaver dans une maison de vacances, avec son agencement astucieux de 47 m\u00b2 de surface habitable. Ce mod\u00e8le de maison en bois dispose d&rsquo;une grande terrasse, id\u00e9ale pour profiter de l&rsquo;air frais et du cadre magnifique. \u00c0 l&rsquo;int\u00e9rieur, la lumi\u00e8re du soleil baigne les espaces de vie ouverts gr\u00e2ce \u00e0 de grandes fen\u00eatres, cr\u00e9ant une atmosph\u00e8re chaleureuse et accueillante. Il y a \u00e9galement une mezzanine qui peut \u00eatre am\u00e9nag\u00e9e en chambre, en espace de rangement ou simplement en salon pour passer d&rsquo;agr\u00e9ables soir\u00e9es entre amis.<\/p>\n","protected":false},"excerpt":{"rendered":"<p>La maison en bois Flameflower offre tout ce dont vous pouvez r\u00eaver dans une maison de vacances, avec son agencement astucieux de 47 m\u00b2 de surface habitable. Ce mod\u00e8le de maison en bois dispose d&rsquo;une grande terrasse, id\u00e9ale pour profiter de l&rsquo;air frais et du cadre magnifique. \u00c0 l&rsquo;int\u00e9rieur, la lumi\u00e8re du soleil baigne les espaces de vie ouverts gr\u00e2ce \u00e0 de grandes fen\u00eatres, cr\u00e9ant une atmosph\u00e8re chaleureuse et accueillante. <\/p>\n","protected":false},"featured_media":10859,"template":"","meta":{"_acf_changed":false,"inline_featured_image":false},"location":[],"type-category":[],"product_brand":[],"product_cat":[73],"product_tag":[74],"class_list":{"0":"post-5098","1":"product","2":"type-product","3":"status-publish","4":"has-post-thumbnail","6":"product_cat-maisons-en-bois","7":"product_tag-log-houses-fr","9":"first","10":"instock","11":"taxable","12":"shipping-taxable","13":"purchasable","14":"product-type-variable"},"acf":[],"_links":{"self":[{"href":"https:\/\/nidaloghouses.com\/fr\/wp-json\/wp\/v2\/product\/5098","targetHints":{"allow":["GET"]}}],"collection":[{"href":"https:\/\/nidaloghouses.com\/fr\/wp-json\/wp\/v2\/product"}],"about":[{"href":"https:\/\/nidaloghouses.com\/fr\/wp-json\/wp\/v2\/types\/product"}],"wp:featuredmedia":[{"embeddable":true,"href":"https:\/\/nidaloghouses.com\/fr\/wp-json\/wp\/v2\/media\/10859"}],"wp:attachment":[{"href":"https:\/\/nidaloghouses.com\/fr\/wp-json\/wp\/v2\/media?parent=5098"}],"wp:term":[{"taxonomy":"location","embeddable":true,"href":"https:\/\/nidaloghouses.com\/fr\/wp-json\/wp\/v2\/location?post=5098"},{"taxonomy":"type-category","embeddable":true,"href":"https:\/\/nidaloghouses.com\/fr\/wp-json\/wp\/v2\/type-category?post=5098"},{"taxonomy":"product_brand","embeddable":true,"href":"https:\/\/nidaloghouses.com\/fr\/wp-json\/wp\/v2\/product_brand?post=5098"},{"taxonomy":"product_cat","embeddable":true,"href":"https:\/\/nidaloghouses.com\/fr\/wp-json\/wp\/v2\/product_cat?post=5098"},{"taxonomy":"product_tag","embeddable":true,"href":"https:\/\/nidaloghouses.com\/fr\/wp-json\/wp\/v2\/product_tag?post=5098"}],"curies":[{"name":"wp","href":"https:\/\/api.w.org\/{rel}","templated":true}]}}